{"id":336,"date":"2015-04-01T19:32:56","date_gmt":"2015-04-01T17:32:56","guid":{"rendered":"http:\/\/www.kranewitterbuehne.at\/2015\/?page_id=336"},"modified":"2018-11-09T16:46:50","modified_gmt":"2018-11-09T15:46:50","slug":"fragen-und-antworten","status":"publish","type":"page","link":"http:\/\/www.kranewitterbuehne.at\/2015\/termine\/fragen-und-antworten\/","title":{"rendered":"Fragen und Antworten"},"content":{"rendered":"<p>[et_pb_section fb_built=&#8221;1&#8243; admin_label=&#8221;section&#8221; _builder_version=&#8221;3.17.6&#8243; custom_padding=&#8221;10px||&#8221;][et_pb_row _builder_version=&#8221;3.17.6&#8243;][et_pb_column type=&#8221;1_3&#8243; _builder_version=&#8221;3.17.6&#8243; parallax=&#8221;off&#8221; parallax_method=&#8221;on&#8221;][et_pb_image src=&#8221;http:\/\/www.kranewitterbuehne.at\/2015\/wp-content\/uploads\/2016\/03\/mic_radio.png&#8221; _builder_version=&#8221;3.17.6&#8243;][\/et_pb_image][\/et_pb_column][et_pb_column type=&#8221;1_3&#8243; _builder_version=&#8221;3.17.6&#8243; parallax=&#8221;off&#8221; parallax_method=&#8221;on&#8221;][et_pb_toggle open=&#8221;on&#8221; border_radii=&#8221;on|5px|5px|5px|5px&#8221; box_shadow_style=&#8221;preset3&#8243; title=&#8221;Fragen und Antworten&#8221; _builder_version=&#8221;3.17.6&#8243; background_size=&#8221;initial&#8221; background_position=&#8221;top_left&#8221; background_repeat=&#8221;repeat&#8221; custom_padding=&#8221;||&#8221; custom_margin=&#8221;60px||&#8221;]<\/p>\n<p>\u00d6ffnen Sie den Informationsbereich, zu welchem Sie Fragen haben.\u00a0<\/p>\n<p>[\/et_pb_toggle][\/et_pb_column][et_pb_column type=&#8221;1_3&#8243; _builder_version=&#8221;3.17.6&#8243; parallax=&#8221;off&#8221; parallax_method=&#8221;on&#8221;][et_pb_image src=&#8221;http:\/\/www.kranewitterbuehne.at\/2015\/wp-content\/uploads\/2016\/03\/new_megaphone.png&#8221; _builder_version=&#8221;3.17.6&#8243;][\/et_pb_image][\/et_pb_column][\/et_pb_row][et_pb_row _builder_version=&#8221;3.17.6&#8243; custom_padding=&#8221;0px||&#8221; padding_top_1=&#8221;0px&#8221; padding_top_2=&#8221;0px&#8221;][et_pb_column type=&#8221;1_2&#8243; _builder_version=&#8221;3.17.6&#8243; padding_top=&#8221;0px&#8221; parallax=&#8221;off&#8221; parallax_method=&#8221;on&#8221;][et_pb_toggle title=&#8221;Freilichtb\u00fchne und Kleidung&#8221; admin_label=&#8221;Umschalter Kleidung&#8221; _builder_version=&#8221;3.17.6&#8243; background_size=&#8221;initial&#8221; background_position=&#8221;top_left&#8221; background_repeat=&#8221;repeat&#8221; use_border_color=&#8221;off&#8221; border_color=&#8221;#ffffff&#8221; border_style=&#8221;solid&#8221; border_radii=&#8221;on|5px|5px|5px|5px&#8221; box_shadow_style=&#8221;preset3&#8243;]Unser B\u00fchne befindet sich im Freien. Im Gafleintal ist die Wendelin Grotte ein herrlicher Platz. Bei sommerlichen Temperaturen kann man den Theaterabend durchaus in Hemds\u00e4rmeln geniessen.<\/p>\n<p>Aber Wetter und Wind k\u00f6nnen auch anders. Freilichtb\u00fchnen erfahrene Besucher bringen deshalb wetterfeste und w\u00e4rmende Kleidung mit, eventuell auch eine Decke.<\/p>\n<p>Regenschirme sind nicht m\u00f6glich, sie w\u00fcrden den Sitznachbarn die Sicht nehmen und das Nass konzentriert auf diese ableiten.<\/p>\n<p>Bei Regen verteilen wir an die Besuchern einen leichten Regenschutz. JEDERMANN und die Spieler aber agieren im Nass.<br \/>\n[\/et_pb_toggle][et_pb_toggle title=&#8221;Verpflegung&#8221; admin_label=&#8221;Umschalter Verpflegung&#8221; _builder_version=&#8221;3.0.87&#8243; use_border_color=&#8221;off&#8221; border_color=&#8221;#ffffff&#8221; border_style=&#8221;solid&#8221; border_radii=&#8221;on|5px|5px|5px|5px&#8221; box_shadow_style=&#8221;preset3&#8243; background_size=&#8221;initial&#8221; background_position=&#8221;top_left&#8221; background_repeat=&#8221;repeat&#8221;]Wir bewirten\u00a0Sie gerne mit Kleinigkeiten wie Schmalzbrot oder W\u00fcrsteln und entsprechenden Getr\u00e4nken. An der\u00a0Theke werden Sie\u00a0vor der Vorstellung, in der Pause und nach der Vorstellung bedient.<br \/>\n[\/et_pb_toggle][et_pb_toggle title=&#8221;RollstuhlfahrerInnen&#8221; admin_label=&#8221;Umschalter Rollstuhl&#8221; _builder_version=&#8221;3.0.87&#8243; use_border_color=&#8221;off&#8221; border_color=&#8221;#ffffff&#8221; border_style=&#8221;solid&#8221; border_radii=&#8221;on|5px|5px|5px|5px&#8221; box_shadow_style=&#8221;preset3&#8243; background_size=&#8221;initial&#8221; background_position=&#8221;top_left&#8221; background_repeat=&#8221;repeat&#8221;]Ein Bereich im Trib\u00fcnenrund ist daf\u00fcr reserviert. Wir helfen Ihnen gerne!<br \/>\n[\/et_pb_toggle][et_pb_toggle title=&#8221;Fotografieren&#8221; admin_label=&#8221;Umschalter Fotografie&#8221; _builder_version=&#8221;3.0.87&#8243; use_border_color=&#8221;off&#8221; border_color=&#8221;#ffffff&#8221; border_style=&#8221;solid&#8221; border_radii=&#8221;on|5px|5px|5px|5px&#8221; box_shadow_style=&#8221;preset3&#8243; background_size=&#8221;initial&#8221; background_position=&#8221;top_left&#8221; background_repeat=&#8221;repeat&#8221;]Wir bitten um Verst\u00e4ndnis, wenn w\u00e4hrend der Vorstellung das Fotografieren mit Blitz nicht m\u00f6glich ist. Ohne Blitz darf in der Regel fotografiert werden, wenn nicht ausdr\u00fccklich etwas anderes verlautet wird. Dabei d\u00fcrfen unsere anderen Besucher aber nicht gest\u00f6rt werden.<br \/>\n[\/et_pb_toggle][et_pb_toggle title=&#8221;Absagen&#8221; admin_label=&#8221;Umschalter Absagen&#8221; _builder_version=&#8221;3.0.87&#8243; use_border_color=&#8221;off&#8221; border_color=&#8221;#ffffff&#8221; border_style=&#8221;solid&#8221; border_radii=&#8221;on|5px|5px|5px|5px&#8221; box_shadow_style=&#8221;preset3&#8243; background_size=&#8221;initial&#8221; background_position=&#8221;top_left&#8221; background_repeat=&#8221;repeat&#8221;]Es kommt selten vor! Trotzdem kann es zu wetterbedingten (oder anders begr\u00fcndeten) Absagen kommen. Wenn wir selbst es nicht zu kurzfristig erfahren, versuchen wir Sie \u00fcber Ihre Kontaktdaten &#8211; sofern vorhanden &#8211; zu informieren. Ansonsten findet sich die Information wenn m\u00f6glich auf dieser Seite oder bei unserem Facebook-Auftritt.<\/p>\n<p>&nbsp;<\/p>\n<p>Bei einem Gewitter aber, das kurz vor\/bei Spielbeginn aufzieht versagt die Vorank\u00fcndigung. Wir haben noch keinen direkten Draht zum Petrus da oben gefunden. Er ist uns ohnehin meist gut gesonnen.<\/p>\n<p>Wir bitten Sie in jedem Fall um Verst\u00e4ndnis! Seien Sie versichert: Wir spielen gern f\u00fcr Sie!<br \/>\n[\/et_pb_toggle][\/et_pb_column][et_pb_column type=&#8221;1_2&#8243; _builder_version=&#8221;3.17.6&#8243; padding_top=&#8221;0px&#8221; parallax=&#8221;off&#8221; parallax_method=&#8221;on&#8221;][et_pb_toggle title=&#8221;Toiletten&#8221; admin_label=&#8221;Umschalter Toiletten&#8221; _builder_version=&#8221;3.0.87&#8243; use_border_color=&#8221;off&#8221; border_color=&#8221;#ffffff&#8221; border_style=&#8221;solid&#8221; border_radii=&#8221;on|5px|5px|5px|5px&#8221; box_shadow_style=&#8221;preset3&#8243; background_size=&#8221;initial&#8221; background_position=&#8221;top_left&#8221; background_repeat=&#8221;repeat&#8221;]Unweit der Trib\u00fcne ist eine mobile Toilette aufgestellt.<br \/>\n[\/et_pb_toggle][et_pb_toggle title=&#8221;Eintritt mit Men\u00fckarte&#8221; admin_label=&#8221;Umschalter Theatermen\u00fc&#8221; _builder_version=&#8221;3.0.87&#8243; use_border_color=&#8221;off&#8221; border_color=&#8221;#ffffff&#8221; border_style=&#8221;solid&#8221; border_radii=&#8221;on|5px|5px|5px|5px&#8221; box_shadow_style=&#8221;preset3&#8243; background_size=&#8221;initial&#8221; background_position=&#8221;top_left&#8221; background_repeat=&#8221;repeat&#8221;]Bitte, stimmen Sie sich mit dem Restaurant hinsichtlich des Termins zum Geniessen des Theater-Men\u00fcs ab. Die Vorstellung beginnt p\u00fcnktlich und Sie brauchen noch etwas Zeit vom Restaurant zum Spielort.<br \/>\n[\/et_pb_toggle][et_pb_toggle title=&#8221;Zufahrt und Weg.&#8221; admin_label=&#8221;Umschalter Zufahrt&#8221; _builder_version=&#8221;3.0.87&#8243; use_border_color=&#8221;off&#8221; border_color=&#8221;#ffffff&#8221; border_style=&#8221;solid&#8221; border_radii=&#8221;on|5px|5px|5px|5px&#8221; box_shadow_style=&#8221;preset3&#8243; background_size=&#8221;initial&#8221; background_position=&#8221;top_left&#8221; background_repeat=&#8221;repeat&#8221;]Die Wegbeschreibung nach Nassereith zu unseren Parkpl\u00e4tzen finden Sie auf dieser Seite: <a title=\"Anreise\" href=\"http:\/\/www.kranewitterbuehne.at\/2015\/?page_id=20\">ANREISE<br \/>\n<\/a><\/p>\n<p>Der integrierte Routenplaner kann Ihnen dabei behilflich sein.<\/p>\n<p>Von den Parkpl\u00e4tzen aus finden Sie auf einem unbefestigten Forstweg in etwa f\u00fcnf bis zehn Minuten bergw\u00e4rts zu den Trib\u00fcnenpl\u00e4tzen. Fesche Damenschuhe mit Abs\u00e4tzen sind fast zu schade daf\u00fcr.<\/p>\n<p>Wenn notwendig und auf jeden Fall nach der Vorstellung ist der Weg beleuchtet.<br \/>\n[\/et_pb_toggle][et_pb_toggle title=&#8221;Platzwahl&#8221; admin_label=&#8221;Umschalter Platzwahl&#8221; _builder_version=&#8221;3.0.87&#8243; use_border_color=&#8221;off&#8221; border_color=&#8221;#ffffff&#8221; border_style=&#8221;solid&#8221; border_radii=&#8221;on|5px|5px|5px|5px&#8221; box_shadow_style=&#8221;preset3&#8243; background_size=&#8221;initial&#8221; background_position=&#8221;top_left&#8221; background_repeat=&#8221;repeat&#8221;]Platzanweiser f\u00fchren Sie zu Ihren Pl\u00e4tzen. Es gibt auf den B\u00e4nken keine Nummerierung und deshalb sind auch keine Pl\u00e4tze buchbar.<br \/>\n[\/et_pb_toggle][et_pb_toggle title=&#8221;Trib\u00fcne&#8221; admin_label=&#8221;Umschalter Trib\u00fcne&#8221; _builder_version=&#8221;3.17.6&#8243; use_border_color=&#8221;off&#8221; border_color=&#8221;#ffffff&#8221; border_style=&#8221;solid&#8221; border_radii=&#8221;on|5px|5px|5px|5px&#8221; box_shadow_style=&#8221;preset3&#8243; background_size=&#8221;initial&#8221; background_position=&#8221;top_left&#8221; background_repeat=&#8221;repeat&#8221;]<\/p>\n<p><img loading=\"lazy\" decoding=\"async\" src=\"http:\/\/www.kranewitterbuehne.at\/2015\/wp-content\/uploads\/2018\/11\/SITZAUFTEILUNG.png\" width=\"1960\" height=\"1544\" alt=\"\" class=\"wp-image-47370 alignnone size-full\" srcset=\"http:\/\/www.kranewitterbuehne.at\/2015\/wp-content\/uploads\/2018\/11\/SITZAUFTEILUNG.png 1960w, http:\/\/www.kranewitterbuehne.at\/2015\/wp-content\/uploads\/2018\/11\/SITZAUFTEILUNG-300x236.png 300w, http:\/\/www.kranewitterbuehne.at\/2015\/wp-content\/uploads\/2018\/11\/SITZAUFTEILUNG-768x605.png 768w, http:\/\/www.kranewitterbuehne.at\/2015\/wp-content\/uploads\/2018\/11\/SITZAUFTEILUNG-960x756.png 960w, http:\/\/www.kranewitterbuehne.at\/2015\/wp-content\/uploads\/2018\/11\/SITZAUFTEILUNG-1080x851.png 1080w\" sizes=\"(max-width: 1960px) 100vw, 1960px\" \/><\/p>\n<p><img loading=\"lazy\" decoding=\"async\" class=\"alignnone size-medium wp-image-313\" src=\"http:\/\/www.kranewitterbuehne.at\/2015\/wp-content\/uploads\/2015\/04\/20150401_164056_DxO-3-300x200.jpg\" alt=\"20150401_164056_DxO-3\" width=\"300\" height=\"200\" srcset=\"http:\/\/www.kranewitterbuehne.at\/2015\/wp-content\/uploads\/2015\/04\/20150401_164056_DxO-3-300x200.jpg 300w, http:\/\/www.kranewitterbuehne.at\/2015\/wp-content\/uploads\/2015\/04\/20150401_164056_DxO-3-960x640.jpg 960w, http:\/\/www.kranewitterbuehne.at\/2015\/wp-content\/uploads\/2015\/04\/20150401_164056_DxO-3-1080x720.jpg 1080w\" sizes=\"(max-width: 300px) 100vw, 300px\" \/><\/p>\n<p>Wir haben Platz f\u00fcr etwa 200 Personen. <em>Neu im Spieljahr 2015:<\/em> Wir haben eine Tonanlage, damit auch bei\u00a0rauschendem Gafleinbach die Texte und Lieder im Rund zu h\u00f6ren\u00a0sind.<\/p>\n<p>[\/et_pb_toggle][\/et_pb_column][\/et_pb_row][et_pb_row admin_label=&#8221;row&#8221; _builder_version=&#8221;3.0.48&#8243; background_size=&#8221;initial&#8221; background_position=&#8221;top_left&#8221; background_repeat=&#8221;repeat&#8221;][et_pb_column type=&#8221;4_4&#8243; _builder_version=&#8221;3.0.47&#8243; parallax=&#8221;off&#8221; parallax_method=&#8221;on&#8221;][et_pb_toggle title=&#8221;Unser Theaterhaus&#8221; admin_label=&#8221;Umschalter&#8221; _builder_version=&#8221;3.17.6&#8243; use_border_color=&#8221;off&#8221; border_color=&#8221;#ffffff&#8221; border_style=&#8221;solid&#8221; border_radii=&#8221;on|5px|5px|5px|5px&#8221; box_shadow_style=&#8221;preset3&#8243; background_size=&#8221;initial&#8221; background_position=&#8221;top_left&#8221; background_repeat=&#8221;repeat&#8221;]<\/p>\n<p>Seit dem Fr\u00fchjahr 2017 stehen uns R\u00e4umlichkeiten im\u00a0Theaterhaus zu Verf\u00fcgung. Wir freuen uns!<\/p>\n<p>&nbsp;<\/p>\n<p>[\/et_pb_toggle][et_pb_image src=&#8221;http:\/\/www.kranewitterbuehne.at\/2015\/wp-content\/uploads\/2015\/04\/20170313_162914-1.jpg&#8221; admin_label=&#8221;Bild&#8221; _builder_version=&#8221;3.0.87&#8243; animation_style=&#8221;slide&#8221; animation_direction=&#8221;left&#8221; animation_duration=&#8221;500ms&#8221; animation_intensity_slide=&#8221;10%&#8221; use_border_color=&#8221;off&#8221; border_color=&#8221;#ffffff&#8221; border_style=&#8221;solid&#8221; animation=&#8221;left&#8221; sticky=&#8221;off&#8221;] [\/et_pb_image][et_pb_image src=&#8221;http:\/\/www.kranewitterbuehne.at\/2015\/wp-content\/uploads\/2015\/03\/20160521_115028-1.jpg&#8221; admin_label=&#8221;Bild&#8221; _builder_version=&#8221;3.0.87&#8243; animation_style=&#8221;slide&#8221; animation_direction=&#8221;left&#8221; animation_duration=&#8221;500ms&#8221; animation_intensity_slide=&#8221;10%&#8221; use_border_color=&#8221;off&#8221; border_color=&#8221;#ffffff&#8221; border_style=&#8221;solid&#8221; animation=&#8221;left&#8221; sticky=&#8221;off&#8221;] [\/et_pb_image][\/et_pb_column][\/et_pb_row][\/et_pb_section]<\/p>\n","protected":false},"excerpt":{"rendered":"<p>\u00d6ffnen Sie den Informationsbereich, zu welchem Sie Fragen haben.\u00a0 Unser B\u00fchne befindet sich im Freien. Im Gafleintal ist die Wendelin Grotte ein herrlicher Platz. Bei sommerlichen Temperaturen kann man den Theaterabend durchaus in Hemds\u00e4rmeln geniessen. Aber Wetter und Wind k\u00f6nnen auch anders. Freilichtb\u00fchnen erfahrene Besucher bringen deshalb wetterfeste und w\u00e4rmende Kleidung mit, eventuell auch eine [&hellip;]<\/p>\n","protected":false},"author":2,"featured_media":0,"parent":11,"menu_order":6,"comment_status":"closed","ping_status":"closed","template":"","meta":{"_et_pb_use_builder":"on","_et_pb_old_content":"","_et_gb_content_width":"","footnotes":"","_links_to":"","_links_to_target":""},"_links":{"self":[{"href":"http:\/\/www.kranewitterbuehne.at\/2015\/wp-json\/wp\/v2\/pages\/336"}],"collection":[{"href":"http:\/\/www.kranewitterbuehne.at\/2015\/wp-json\/wp\/v2\/pages"}],"about":[{"href":"http:\/\/www.kranewitterbuehne.at\/2015\/wp-json\/wp\/v2\/types\/page"}],"author":[{"embeddable":true,"href":"http:\/\/www.kranewitterbuehne.at\/2015\/wp-json\/wp\/v2\/users\/2"}],"replies":[{"embeddable":true,"href":"http:\/\/www.kranewitterbuehne.at\/2015\/wp-json\/wp\/v2\/comments?post=336"}],"version-history":[{"count":29,"href":"http:\/\/www.kranewitterbuehne.at\/2015\/wp-json\/wp\/v2\/pages\/336\/revisions"}],"predecessor-version":[{"id":47385,"href":"http:\/\/www.kranewitterbuehne.at\/2015\/wp-json\/wp\/v2\/pages\/336\/revisions\/47385"}],"up":[{"embeddable":true,"href":"http:\/\/www.kranewitterbuehne.at\/2015\/wp-json\/wp\/v2\/pages\/11"}],"wp:attachment":[{"href":"http:\/\/www.kranewitterbuehne.at\/2015\/wp-json\/wp\/v2\/media?parent=336"}],"curies":[{"name":"wp","href":"https:\/\/api.w.org\/{rel}","templated":true}]}}