{"id":27251,"date":"2018-05-16T22:11:07","date_gmt":"2018-05-16T20:11:07","guid":{"rendered":"http:\/\/www.kranewitterbuehne.at\/2015\/?page_id=27251"},"modified":"2019-02-02T14:44:59","modified_gmt":"2019-02-02T13:44:59","slug":"die-dreigroschenoper-2017","status":"publish","type":"page","link":"http:\/\/www.kranewitterbuehne.at\/2015\/chronik\/die-dreigroschenoper-2017\/","title":{"rendered":"Die Dreigroschenoper | 2017"},"content":{"rendered":"<p>[et_pb_section fb_built=&#8221;1&#8243; fullwidth=&#8221;on&#8221; admin_label=&#8221;section&#8221; _builder_version=&#8221;3.3&#8243; background_color=&#8221;rgba(255,255,255,0)&#8221; background_image=&#8221;http:\/\/www.kranewitterbuehne.at\/2015\/wp-content\/uploads\/2016\/06\/bg3.jpg&#8221; background_video_mp4=&#8221;http:\/\/www.kranewitterbuehne.at\/2015\/wp-content\/uploads\/2015\/03\/FKBStart.mp4&#8243; background_video_webm=&#8221;http:\/\/www.kranewitterbuehne.at\/2015\/wp-content\/uploads\/2017\/02\/18.02.2017-Wendelingrotte1.mp4&#8243; background_video_width=&#8221;1280&#8243; background_video_height=&#8221;720&#8243; custom_padding=&#8221;|||&#8221; custom_css_main_element=&#8221;height: 760px; !important||&#8221;][et_pb_fullwidth_slider show_arrows=&#8221;off&#8221; show_pagination=&#8221;off&#8221; disabled_on=&#8221;off|off|off&#8221; admin_label=&#8221;Fullwidth Slider 2017&#8243; _builder_version=&#8221;3.0.47&#8243; header_font=&#8221;Boogaloo||||&#8221; header_font_size=&#8221;54px&#8221; header_letter_spacing=&#8221;4px&#8221; body_font=&#8221;Shadows Into Light|on|||&#8221; body_font_size=&#8221;43px&#8221; parallax=&#8221;on&#8221; box_shadow_style=&#8221;preset6&#8243; box_shadow_blur=&#8221;10px&#8221; box_shadow_color=&#8221;rgba(0,0,0,0.1)&#8221; custom_padding=&#8221;|||&#8221; custom_padding_tablet=&#8221;|||&#8221; custom_padding_phone=&#8221;|||&#8221; show_inner_shadow=&#8221;on&#8221;][et_pb_slide heading=&#8221;\u00b0&#8221; use_bg_overlay=&#8221;off&#8221; use_text_overlay=&#8221;off&#8221; admin_title=&#8221;Die Dreigroschenoper&#8221; _builder_version=&#8221;3.0.47&#8243; header_font=&#8221;Chewy||||&#8221; header_text_color=&#8221;#606060&#8243; header_font_size=&#8221;50px&#8221; header_font_size_tablet=&#8221;50&#8243; header_font_size_phone=&#8221;50&#8243; header_letter_spacing=&#8221;2px&#8221; header_letter_spacing_tablet=&#8221;2px&#8221; header_letter_spacing_phone=&#8221;2px&#8221; body_font=&#8221;||||&#8221; background_color=&#8221;rgba(0,0,0,0)&#8221; background_image=&#8221;http:\/\/www.kranewitterbuehne.at\/2015\/wp-content\/uploads\/2017\/05\/Dreigroschenoper_2017_HG_Top.png&#8221; button_icon_placement=&#8221;right&#8221; button_on_hover=&#8221;on&#8221;]<\/p>\n<h4 style=\"text-align: right;\"><\/h4>\n<h1 style=\"text-align: left;\"><\/h1>\n<h1 style=\"text-align: left;\"><\/h1>\n<h1 style=\"text-align: left;\"><\/h1>\n<h1 style=\"text-align: left;\"><\/h1>\n<h1 style=\"text-align: left;\"><\/h1>\n<h1 style=\"text-align: left;\"><\/h1>\n<h1 style=\"text-align: left;\"><\/h1>\n<h1 style=\"text-align: left;\"><\/h1>\n<h1 style=\"text-align: left;\"><\/h1>\n<h1 style=\"text-align: left;\"><\/h1>\n<h1 style=\"text-align: left;\">von Bertolt\u00a0Brecht<\/h1>\n<p>[\/et_pb_slide][\/et_pb_fullwidth_slider][\/et_pb_section][et_pb_section fb_built=&#8221;1&#8243; _builder_version=&#8221;3.0.62&#8243; background_color=&#8221;rgba(255,255,255,0)&#8221; transparent_background=&#8221;on&#8221;][et_pb_row make_fullwidth=&#8221;on&#8221; use_custom_gutter=&#8221;on&#8221; gutter_width=&#8221;2&#8243; _builder_version=&#8221;3.0.91&#8243; background_color=&#8221;rgba(0,0,0,0)&#8221; background_image=&#8221;http:\/\/www.kranewitterbuehne.at\/2015\/wp-content\/uploads\/2017\/07\/20170721_221134-185.jpg&#8221; background_position=&#8221;center_left&#8221; background_repeat=&#8221;repeat&#8221; border_radii=&#8221;on|30px|30px|30px|30px&#8221;][et_pb_column type=&#8221;4_4&#8243; _builder_version=&#8221;3.0.47&#8243; parallax=&#8221;off&#8221; parallax_method=&#8221;on&#8221;][et_pb_toggle title=&#8221;Wir danken allen f\u00fcr das grosse Interesse!&#8221; open=&#8221;on&#8221; open_toggle_text_color=&#8221;#ffffff&#8221; icon_color=&#8221;#8300e9&#8243; admin_label=&#8221;Interesse&#8221; _builder_version=&#8221;3.3&#8243; title_font=&#8221;Cabin|700||on|||||&#8221; title_font_size=&#8221;28px&#8221; title_text_shadow_style=&#8221;preset1&#8243; background_color=&#8221;rgba(255,255,255,0)&#8221; border_width_all=&#8221;0px&#8221; box_shadow_style=&#8221;preset3&#8243; border_style=&#8221;solid&#8221;]<img loading=\"lazy\" decoding=\"async\" class=\"alignnone size-full wp-image-27084\" src=\"http:\/\/www.kranewitterbuehne.at\/2015\/wp-content\/uploads\/2017\/07\/20170721_220832-172.jpg\" alt=\"\" width=\"1600\" height=\"1067\" srcset=\"http:\/\/www.kranewitterbuehne.at\/2015\/wp-content\/uploads\/2017\/07\/20170721_220832-172.jpg 1600w, http:\/\/www.kranewitterbuehne.at\/2015\/wp-content\/uploads\/2017\/07\/20170721_220832-172-300x200.jpg 300w, http:\/\/www.kranewitterbuehne.at\/2015\/wp-content\/uploads\/2017\/07\/20170721_220832-172-768x512.jpg 768w, http:\/\/www.kranewitterbuehne.at\/2015\/wp-content\/uploads\/2017\/07\/20170721_220832-172-960x640.jpg 960w, http:\/\/www.kranewitterbuehne.at\/2015\/wp-content\/uploads\/2017\/07\/20170721_220832-172-1080x720.jpg 1080w\" sizes=\"(max-width: 1600px) 100vw, 1600px\" \/><br \/>\n[\/et_pb_toggle][\/et_pb_column][\/et_pb_row][\/et_pb_section][et_pb_section fb_built=&#8221;1&#8243; custom_padding_last_edited=&#8221;on|desktop&#8221; admin_label=&#8221;section&#8221; _builder_version=&#8221;3.0.47&#8243; background_color=&#8221;rgba(255,255,255,0)&#8221; custom_padding_tablet=&#8221;50px|0|50px|0&#8243; transparent_background=&#8221;on&#8221; padding_mobile=&#8221;off&#8221;][et_pb_row make_fullwidth=&#8221;on&#8221; use_custom_gutter=&#8221;on&#8221; gutter_width=&#8221;2&#8243; _builder_version=&#8221;3.0.91&#8243;][et_pb_column type=&#8221;4_4&#8243; _builder_version=&#8221;3.0.47&#8243; parallax=&#8221;off&#8221; parallax_method=&#8221;on&#8221;][et_pb_toggle title=&#8221;DAS WAR 2017&#8243; _builder_version=&#8221;3.0.91&#8243; title_font=&#8221;Baloo Thambi|||on|||||&#8221; title_text_color=&#8221;#e02b20&#8243; title_font_size=&#8221;31px&#8221; background_color=&#8221;rgba(0,0,0,0)&#8221; border_width_all=&#8221;0px&#8221; custom_padding=&#8221;0px|0px|0px|60px&#8221;]&nbsp;<br \/>\n[\/et_pb_toggle][\/et_pb_column][\/et_pb_row][et_pb_row make_fullwidth=&#8221;on&#8221; custom_padding=&#8221;|20px||20px&#8221; make_equal=&#8221;on&#8221; bg_img_1=&#8221;http:\/\/www.kranewitterbuehne.at\/2015\/wp-content\/uploads\/2017\/07\/20170721_220806-169.jpg&#8221; bg_img_2=&#8221;http:\/\/www.kranewitterbuehne.at\/2015\/wp-content\/uploads\/2017\/01\/DSCN0443-1-compressor.jpg&#8221; bg_img_3=&#8221;http:\/\/www.kranewitterbuehne.at\/2015\/wp-content\/uploads\/2016\/07\/20160727_165732-4.jpg&#8221; bg_img_4=&#8221;http:\/\/www.kranewitterbuehne.at\/2015\/wp-content\/uploads\/2017\/02\/20170218_120912-1.jpg&#8221; padding_top_1=&#8221;10px&#8221; padding_top_2=&#8221;10px&#8221; padding_top_3=&#8221;10px&#8221; padding_top_4=&#8221;10px&#8221; padding_right_1=&#8221;10px&#8221; padding_right_2=&#8221;10px&#8221; padding_right_3=&#8221;10px&#8221; padding_right_4=&#8221;10px&#8221; padding_bottom_1=&#8221;10px&#8221; padding_bottom_2=&#8221;10px&#8221; padding_bottom_3=&#8221;10px&#8221; padding_bottom_4=&#8221;10px&#8221; padding_left_1=&#8221;10px&#8221; padding_left_2=&#8221;10px&#8221; padding_left_3=&#8221;10px&#8221; padding_left_4=&#8221;10px&#8221; parallax_method_1=&#8221;off&#8221; parallax_method_2=&#8221;off&#8221; parallax_method_3=&#8221;off&#8221; parallax_method_4=&#8221;off&#8221; background_size_3=&#8221;cover&#8221; background_blend_1=&#8221;lighten&#8221; use_background_color_gradient_1=&#8221;off&#8221; background_color_gradient_start_1=&#8221;#1cce93&#8243; background_color_gradient_end_1=&#8221;rgba(255,255,255,0.78)&#8221; custom_css_main_1=&#8221;min-height: 600px; !important&#8221; custom_css_main_2=&#8221;min-height: 600px; !important&#8221; custom_css_main_3=&#8221;min-height: 600px; !important&#8221; custom_css_main_4=&#8221;min-height: 600px; !important&#8221; admin_label=&#8221;row&#8221; _builder_version=&#8221;3.0.91&#8243; background_color=&#8221;rgba(255,255,255,0)&#8221; background_size=&#8221;initial&#8221; background_position=&#8221;top_left&#8221; background_repeat=&#8221;repeat&#8221; border_radii=&#8221;on|10px|10px|10px|10px&#8221; box_shadow_style=&#8221;preset3&#8243;][et_pb_column type=&#8221;1_4&#8243; _builder_version=&#8221;3.0.47&#8243; padding_bottom=&#8221;10px&#8221; padding_left=&#8221;10px&#8221; padding_right=&#8221;10px&#8221; padding_top=&#8221;10px&#8221; bg_img=&#8221;http:\/\/www.kranewitterbuehne.at\/2015\/wp-content\/uploads\/2017\/07\/20170721_220806-169.jpg&#8221; parallax=&#8221;off&#8221; parallax_method=&#8221;off&#8221; background_blend=&#8221;lighten&#8221; use_background_color_gradient=&#8221;off&#8221; background_color_gradient_start=&#8221;#1cce93&#8243; background_color_gradient_end=&#8221;rgba(255,255,255,0.78)&#8221; custom_css_main=&#8221;min-height: 600px; !important&#8221;][et_pb_blurb title=&#8221;DAS SPIEL&#8221; url=&#8221;http:\/\/www.kranewitterbuehne.at\/2015\/?page_id=26049&#8243; image=&#8221;http:\/\/www.kranewitterbuehne.at\/2015\/wp-content\/uploads\/2015\/03\/Dreigroschenoper_300300.png&#8221; admin_label=&#8221;St\u00fcck&#8221; _builder_version=&#8221;3.0.91&#8243; header_text_color=&#8221;#dd3333&#8243; background_color=&#8221;#ffffff&#8221; background_size=&#8221;initial&#8221; background_position=&#8221;top_left&#8221; background_repeat=&#8221;repeat&#8221; border_radii=&#8221;on|10px|10px|10px|10px&#8221; box_shadow_style=&#8221;preset2&#8243; text_orientation=&#8221;center&#8221; animation=&#8221;off&#8221;]Die DREIGROSCHENOPER<br \/>\nVon\u00a0Bertolt Brecht<\/p>\n<p><img loading=\"lazy\" decoding=\"async\" class=\"alignnone size-thumbnail wp-image-26599\" src=\"http:\/\/www.kranewitterbuehne.at\/2015\/wp-content\/uploads\/2015\/03\/record_player-150x112.png\" alt=\"\" width=\"150\" height=\"112\" \/><\/p>\n<p>Musik: Kurt Weill<br \/>\n[\/et_pb_blurb][\/et_pb_column][et_pb_column type=&#8221;1_4&#8243; _builder_version=&#8221;3.0.47&#8243; padding_bottom=&#8221;10px&#8221; padding_left=&#8221;10px&#8221; padding_right=&#8221;10px&#8221; padding_top=&#8221;10px&#8221; bg_img=&#8221;http:\/\/www.kranewitterbuehne.at\/2015\/wp-content\/uploads\/2017\/01\/DSCN0443-1-compressor.jpg&#8221; parallax=&#8221;off&#8221; parallax_method=&#8221;off&#8221; custom_css_main=&#8221;min-height: 600px; !important&#8221;][et_pb_blurb title=&#8221;VORSTELLUNGEN&#8221; url=&#8221;http:\/\/www.kranewitterbuehne.at\/2015\/?page_id=11&#8243; image=&#8221;http:\/\/www.kranewitterbuehne.at\/2015\/wp-content\/uploads\/2016\/03\/300cinema_chairs.png&#8221; admin_label=&#8221;Blurb n\u00e4chste Vorstellung&#8221; _builder_version=&#8221;3.0.91&#8243; header_text_color=&#8221;#dd3333&#8243; background_color=&#8221;#ffffff&#8221; background_size=&#8221;initial&#8221; background_position=&#8221;top_left&#8221; background_repeat=&#8221;repeat&#8221; border_radii=&#8221;on|10px|10px|10px|10px&#8221; box_shadow_style=&#8221;preset2&#8243; text_orientation=&#8221;center&#8221; animation=&#8221;off&#8221;]<\/p>\n<p style=\"text-align: center;\"><span style=\"color: #ff0000;\"><strong>PREMIERE am 23. Juni 2017<\/strong><\/span><\/p>\n<p><span style=\"color: #ff6600;\">Fr 14. Juli Absage wetterbedingt<\/span><\/p>\n<p><span style=\"color: #ff6600;\">So 16. Juli ausverkauft<\/span><\/p>\n<p><span style=\"color: #ff6600;\">Fr 21. Juli ausverkauft<\/span><\/p>\n<p><span style=\"color: #ff6600;\">Sa 22. Juli ausverkauft<\/span><\/p>\n<p><span style=\"color: #ff6600;\">So 23. Juli ausverkauft<\/span><\/p>\n<p>Beginn jeweils 20:30 Uhr<br \/>\n[\/et_pb_blurb][\/et_pb_column][et_pb_column type=&#8221;1_4&#8243; _builder_version=&#8221;3.0.47&#8243; padding_bottom=&#8221;10px&#8221; padding_left=&#8221;10px&#8221; padding_right=&#8221;10px&#8221; padding_top=&#8221;10px&#8221; bg_img=&#8221;http:\/\/www.kranewitterbuehne.at\/2015\/wp-content\/uploads\/2016\/07\/20160727_165732-4.jpg&#8221; parallax=&#8221;off&#8221; parallax_method=&#8221;off&#8221; background_size=&#8221;cover&#8221; custom_css_main=&#8221;min-height: 600px; !important&#8221;][et_pb_blurb title=&#8221;RESERVIERUNG&#8221; url=&#8221;http:\/\/www.kranewitterbuehne.at\/2015\/?page_id=23&#8243; image=&#8221;http:\/\/www.kranewitterbuehne.at\/2015\/wp-content\/uploads\/2017\/01\/3Groschensolo.png&#8221; admin_label=&#8221;Reservierung&#8221; _builder_version=&#8221;3.0.91&#8243; header_text_color=&#8221;#dd3333&#8243; background_color=&#8221;#ffffff&#8221; background_size=&#8221;initial&#8221; background_position=&#8221;top_left&#8221; background_repeat=&#8221;repeat&#8221; border_radii=&#8221;on|10px|10px|10px|10px&#8221; box_shadow_style=&#8221;preset2&#8243; text_orientation=&#8221;center&#8221; animation=&#8221;off&#8221;]Reservieren Sie Ihre Karten &#8230;.<br \/>\n[\/et_pb_blurb][\/et_pb_column][et_pb_column type=&#8221;1_4&#8243; _builder_version=&#8221;3.0.47&#8243; padding_bottom=&#8221;10px&#8221; padding_left=&#8221;10px&#8221; padding_right=&#8221;10px&#8221; padding_top=&#8221;10px&#8221; bg_img=&#8221;http:\/\/www.kranewitterbuehne.at\/2015\/wp-content\/uploads\/2017\/02\/20170218_120912-1.jpg&#8221; parallax=&#8221;off&#8221; parallax_method=&#8221;off&#8221; custom_css_main=&#8221;min-height: 600px; !important&#8221;][et_pb_blurb title=&#8221;ANFAHRT&#8221; url=&#8221;http:\/\/www.kranewitterbuehne.at\/2015\/?page_id=20&#8243; image=&#8221;http:\/\/www.kranewitterbuehne.at\/2015\/wp-content\/uploads\/2016\/03\/300map_europe_hires.png&#8221; admin_label=&#8221;ANFAHRT&#8221; _builder_version=&#8221;3.0.91&#8243; header_text_color=&#8221;#dd3333&#8243; background_color=&#8221;#ffffff&#8221; background_size=&#8221;initial&#8221; background_position=&#8221;top_left&#8221; background_repeat=&#8221;repeat&#8221; border_radii=&#8221;on|10px|10px|10px|10px&#8221; box_shadow_style=&#8221;preset2&#8243; text_orientation=&#8221;center&#8221; animation=&#8221;off&#8221;]Sie finden uns in Nassereith, dem Kultur-, Kletter- und vormals Knappendorf am Fernpass in Tirol. Die Zufahrt zu den Parkpl\u00e4tzen der Franz Kranewitter B\u00fchne ist beschildert.<br \/>\n[\/et_pb_blurb][\/et_pb_column][\/et_pb_row][et_pb_row make_fullwidth=&#8221;on&#8221; parallax_method_1=&#8221;off&#8221; _builder_version=&#8221;3.0.47&#8243; background_size=&#8221;initial&#8221; background_position=&#8221;top_left&#8221; background_repeat=&#8221;repeat&#8221;][et_pb_column type=&#8221;4_4&#8243; _builder_version=&#8221;3.0.47&#8243; parallax=&#8221;off&#8221; parallax_method=&#8221;off&#8221;][et_pb_toggle title=&#8221;JUGENDSCHUTZ | Empfehlung: erst f\u00fcr Jugendliche ab 14 Jahren geeignet&#8221; closed_toggle_background_color=&#8221;rgba(255,255,255,0.74)&#8221; icon_color=&#8221;#ff0000&#8243; _builder_version=&#8221;3.0.48&#8243; background_size=&#8221;initial&#8221; background_position=&#8221;top_left&#8221; background_repeat=&#8221;repeat&#8221;]Bertolt Brecht nutzt eine starke Sprache f\u00fcr seine oft deftigen Bilder aus dieser &#8216;wilden und groben&#8217; Welt. Deshalb ist das St\u00fcck f\u00fcr Kinder nicht geeignet.<br \/>\n<img loading=\"lazy\" decoding=\"async\" class=\"alignnone size-thumbnail wp-image-26526\" src=\"http:\/\/www.kranewitterbuehne.at\/2015\/wp-content\/uploads\/2015\/03\/FKB_14_button-150x73.jpg\" alt=\"\" width=\"150\" height=\"73\" \/><br \/>\n[\/et_pb_toggle][\/et_pb_column][\/et_pb_row][\/et_pb_section][et_pb_section fb_built=&#8221;1&#8243; _builder_version=&#8221;3.0.47&#8243; background_color=&#8221;rgba(255,255,255,0)&#8221; transparent_background=&#8221;on&#8221;][et_pb_row make_fullwidth=&#8221;on&#8221; parallax_method_1=&#8221;off&#8221; parallax_method_2=&#8221;off&#8221; _builder_version=&#8221;3.0.47&#8243; background_size=&#8221;initial&#8221; background_position=&#8221;top_left&#8221; background_repeat=&#8221;repeat&#8221;][et_pb_column type=&#8221;1_2&#8243; _builder_version=&#8221;3.0.47&#8243; parallax=&#8221;off&#8221; parallax_method=&#8221;off&#8221;][et_pb_image src=&#8221;http:\/\/www.kranewitterbuehne.at\/2015\/wp-content\/uploads\/2017\/05\/Tiger_Brown_Smith-3.jpg&#8221; _builder_version=&#8221;3.0.47&#8243; animation=&#8221;off&#8221;]&nbsp;<br \/>\n[\/et_pb_image][et_pb_image src=&#8221;http:\/\/www.kranewitterbuehne.at\/2015\/wp-content\/uploads\/2017\/05\/Lucy_Polly-2.jpg&#8221; _builder_version=&#8221;3.0.47&#8243; animation_style=&#8221;slide&#8221; animation_direction=&#8221;left&#8221; animation_duration=&#8221;500ms&#8221; animation_intensity_slide=&#8221;10%&#8221;]&nbsp;<br \/>\n[\/et_pb_image][et_pb_image src=&#8221;http:\/\/www.kranewitterbuehne.at\/2015\/wp-content\/uploads\/2017\/05\/Bettlerin_Filch-5.jpg&#8221; _builder_version=&#8221;3.0.47&#8243; animation=&#8221;off&#8221;]&nbsp;<br \/>\n[\/et_pb_image][\/et_pb_column][et_pb_column type=&#8221;1_2&#8243; _builder_version=&#8221;3.0.47&#8243; parallax=&#8221;off&#8221; parallax_method=&#8221;off&#8221;][et_pb_image src=&#8221;http:\/\/www.kranewitterbuehne.at\/2015\/wp-content\/uploads\/2017\/05\/Mackie_Messer_Damen-1.jpg&#8221; _builder_version=&#8221;3.0.47&#8243; animation_style=&#8221;slide&#8221; animation_direction=&#8221;left&#8221; animation_duration=&#8221;500ms&#8221; animation_intensity_slide=&#8221;10%&#8221;]&nbsp;<br \/>\n[\/et_pb_image][et_pb_image src=&#8221;http:\/\/www.kranewitterbuehne.at\/2015\/wp-content\/uploads\/2017\/05\/Mackies_Bande-1.jpg&#8221; _builder_version=&#8221;3.0.47&#8243; animation=&#8221;off&#8221;]&nbsp;<br \/>\n[\/et_pb_image][et_pb_image src=&#8221;http:\/\/www.kranewitterbuehne.at\/2015\/wp-content\/uploads\/2017\/05\/Spelunken_Jenny-4.jpg&#8221; _builder_version=&#8221;3.0.47&#8243; animation_style=&#8221;slide&#8221; animation_direction=&#8221;left&#8221; animation_duration=&#8221;500ms&#8221; animation_intensity_slide=&#8221;10%&#8221;]&nbsp;<br \/>\n[\/et_pb_image][\/et_pb_column][\/et_pb_row][et_pb_row make_fullwidth=&#8221;on&#8221; padding_mobile=&#8221;off&#8221; column_padding_mobile=&#8221;on&#8221; parallax_method_1=&#8221;off&#8221; admin_label=&#8221;row&#8221; _builder_version=&#8221;3.0.91&#8243; background_color=&#8221;rgba(255,255,255,0.09)&#8221; background_size=&#8221;initial&#8221; background_position=&#8221;top_left&#8221; background_repeat=&#8221;repeat&#8221;][et_pb_column type=&#8221;4_4&#8243; _builder_version=&#8221;3.0.47&#8243; column_padding_mobile=&#8221;on&#8221; parallax=&#8221;off&#8221; parallax_method=&#8221;off&#8221;][et_pb_text admin_label=&#8221;Text wir freuen uns Besuch&#8221; _builder_version=&#8221;3.0.91&#8243; text_font=&#8221;Poiret One||||&#8221; text_text_color=&#8221;#e02b20&#8243; header_text_color=&#8221;#e02b20&#8243; background_size=&#8221;initial&#8221; background_position=&#8221;top_left&#8221; background_repeat=&#8221;repeat&#8221; text_orientation=&#8221;center&#8221; module_alignment=&#8221;center&#8221;]<\/p>\n<h1 style=\"text-align: center;\"><strong><span style=\"color: #ff0000;\">WIR FREUTEN UNS \u00dcBER IHREN BESUCH!<\/span><\/strong><\/h1>\n<p>[\/et_pb_text][\/et_pb_column][\/et_pb_row][\/et_pb_section][et_pb_section fb_built=&#8221;1&#8243; fullwidth=&#8221;on&#8221; custom_padding_last_edited=&#8221;on|desktop&#8221; disabled_on=&#8221;off|off|off&#8221; admin_label=&#8221;section&#8221; _builder_version=&#8221;3.0.47&#8243; background_color=&#8221;rgba(255,255,255,0)&#8221; custom_padding=&#8221;|||50px&#8221; custom_padding_tablet=&#8221;50px|0|50px|0&#8243; transparent_background=&#8221;on&#8221; padding_mobile=&#8221;off&#8221;][et_pb_fullwidth_portfolio include_categories=&#8221;8&#8243; show_date=&#8221;off&#8221; admin_label=&#8221;Vollbreites Ensemble&#8221; _builder_version=&#8221;3.0.47&#8243; title_font=&#8221;Poiret One||||&#8221; title_text_color=&#8221;#ffffff&#8221; title_font_size=&#8221;39px&#8221; background_color=&#8221;rgba(131,0,233,0.1)&#8221; background_size=&#8221;initial&#8221; background_position=&#8221;top_left&#8221; background_repeat=&#8221;repeat&#8221; border_width_all_image=&#8221;0px&#8221; border_color_all_image=&#8221;#bfbfbf&#8221; border_style_all_image=&#8221;solid&#8221; background_layout=&#8221;dark&#8221; auto=&#8221;on&#8221; auto_speed=&#8221;5000&#8243; use_border_color=&#8221;on&#8221; border_color=&#8221;#bfbfbf&#8221;]&nbsp;<br \/>\n[\/et_pb_fullwidth_portfolio][\/et_pb_section][et_pb_section fb_built=&#8221;1&#8243; fullwidth=&#8221;on&#8221; custom_padding_last_edited=&#8221;on|desktop&#8221; admin_label=&#8221;section&#8221; _builder_version=&#8221;3.0.47&#8243; background_color=&#8221;rgba(255,255,255,0)&#8221; custom_padding=&#8221;|||50px&#8221; custom_padding_tablet=&#8221;50px|0|50px|0&#8243; transparent_background=&#8221;on&#8221; padding_mobile=&#8221;off&#8221;][et_pb_fullwidth_portfolio title=&#8221;Bilder 2017&#8243; include_categories=&#8221;20&#8243; show_date=&#8221;off&#8221; disabled_on=&#8221;off|off|off&#8221; admin_label=&#8221;Vollbreites PortfolioProben&#8221; _builder_version=&#8221;3.0.64&#8243; background_color=&#8221;rgba(131,0,233,0.05)&#8221; background_size=&#8221;initial&#8221; background_position=&#8221;top_left&#8221; background_repeat=&#8221;repeat&#8221; background_layout=&#8221;dark&#8221; custom_css_main_element=&#8221;margin: 10px 10px 10px 10px !important;&#8221; border_style=&#8221;solid&#8221;]&nbsp;<br \/>\n[\/et_pb_fullwidth_portfolio][et_pb_fullwidth_portfolio title=&#8221;PRESSEBERICHTE&#8221; include_categories=&#8221;19&#8243; show_date=&#8221;off&#8221; disabled_on=&#8221;off|off|off&#8221; admin_label=&#8221;Vollbreites PRESSE&#8221; _builder_version=&#8221;3.0.51&#8243; background_color=&#8221;rgba(131,0,233,0.05)&#8221; background_size=&#8221;initial&#8221; background_position=&#8221;top_left&#8221; background_repeat=&#8221;repeat&#8221; background_layout=&#8221;dark&#8221; auto=&#8221;on&#8221; auto_speed=&#8221;5000&#8243; custom_css_main_element=&#8221;margin: 10px 10px 10px 10px !important;&#8221;]&nbsp;<br \/>\n[\/et_pb_fullwidth_portfolio][\/et_pb_section][et_pb_section fb_built=&#8221;1&#8243; fullwidth=&#8221;on&#8221; custom_padding_last_edited=&#8221;on|desktop&#8221; _builder_version=&#8221;3.0.47&#8243; background_color=&#8221;rgba(255,255,255,0.29)&#8221; custom_padding_tablet=&#8221;50px|0|50px|0&#8243; padding_mobile=&#8221;off&#8221;][et_pb_fullwidth_code admin_label=&#8221;Code f\u00fcr volle Breite HR&#8221; _builder_version=&#8221;3.0.47&#8243;]&lt;hr \/&gt;[\/et_pb_fullwidth_code][et_pb_fullwidth_portfolio title=&#8221;SPONSOREN&#8221; include_categories=&#8221;11&#8243; show_date=&#8221;off&#8221; hover_overlay_color=&#8221;rgba(237,240,0,0.32)&#8221; admin_label=&#8221;Vollbreites Portfolio sponsoren&#8221; _builder_version=&#8221;3.0.48&#8243; title_font=&#8221;|on|||&#8221; title_text_color=&#8221;#8300e9&#8243; caption_text_color=&#8221;#e02b20&#8243; background_color=&#8221;rgba(255,255,255,0)&#8221; background_size=&#8221;initial&#8221; background_position=&#8221;top_left&#8221; background_repeat=&#8221;repeat&#8221; border_width_all_image=&#8221;0px&#8221; border_color_all_image=&#8221;#f4e8ee&#8221; border_style_all_image=&#8221;inset&#8221; background_layout=&#8221;dark&#8221; auto=&#8221;on&#8221; auto_speed=&#8221;7500&#8243; use_border_color=&#8221;on&#8221; border_color=&#8221;#f4e8ee&#8221; border_style=&#8221;inset&#8221;]&nbsp;<br \/>\n[\/et_pb_fullwidth_portfolio][\/et_pb_section][et_pb_section fb_built=&#8221;1&#8243; custom_padding_last_edited=&#8221;on|desktop&#8221; admin_label=&#8221;section&#8221; _builder_version=&#8221;3.0.47&#8243; background_color=&#8221;rgba(255,255,255,0)&#8221; custom_padding_tablet=&#8221;50px|0|50px|0&#8243; transparent_background=&#8221;on&#8221; padding_mobile=&#8221;off&#8221;][et_pb_row make_fullwidth=&#8221;on&#8221; padding_mobile=&#8221;off&#8221; column_padding_mobile=&#8221;on&#8221; admin_label=&#8221;row&#8221; _builder_version=&#8221;3.0.47&#8243; background_color=&#8221;rgba(255,255,255,0.72)&#8221; background_size=&#8221;initial&#8221; background_position=&#8221;top_left&#8221; background_repeat=&#8221;repeat&#8221;][et_pb_column type=&#8221;4_4&#8243; _builder_version=&#8221;3.0.47&#8243; column_padding_mobile=&#8221;on&#8221; parallax=&#8221;off&#8221; parallax_method=&#8221;on&#8221;][et_pb_cta button_url=&#8221;http:\/\/www.kranewitterbuehne.at\/2015\/?page_id=563&#8243; button_text=&#8221;Wir bedanken und bei unseren Sponsoren&#8221; admin_label=&#8221;Handlungsaufruf SPONSOREN&#8221; _builder_version=&#8221;3.0.47&#8243; use_background_color=&#8221;off&#8221; background_size=&#8221;initial&#8221; background_position=&#8221;top_left&#8221; background_repeat=&#8221;repeat&#8221; custom_button=&#8221;on&#8221; button_text_size=&#8221;26px&#8221; button_text_color=&#8221;#e02b20&#8243;]&nbsp;<br \/>\n[\/et_pb_cta][\/et_pb_column][\/et_pb_row][\/et_pb_section][et_pb_section fb_built=&#8221;1&#8243; fullwidth=&#8221;on&#8221; custom_padding_last_edited=&#8221;on|desktop&#8221; _builder_version=&#8221;3.0.47&#8243; background_color=&#8221;rgba(255,255,255,0)&#8221; background_image=&#8221;http:\/\/www.kranewitterbuehne.at\/2015\/wp-content\/uploads\/2015\/03\/20151124_210541-1.jpg&#8221; custom_padding_tablet=&#8221;50px|0|50px|0&#8243; transparent_background=&#8221;on&#8221; padding_mobile=&#8221;off&#8221;][et_pb_fullwidth_image src=&#8221;http:\/\/www.kranewitterbuehne.at\/2015\/wp-content\/uploads\/2015\/03\/Mackie_Messer_Damen-1024.jpg&#8221; admin_label=&#8221;Volle Breite messer&#8221; _builder_version=&#8221;3.0.47&#8243; animation=&#8221;off&#8221;]&nbsp;<br \/>\n[\/et_pb_fullwidth_image][\/et_pb_section]<\/p>\n","protected":false},"excerpt":{"rendered":"<p>von Bertolt\u00a0Brecht &nbsp; Die DREIGROSCHENOPER Von\u00a0Bertolt Brecht Musik: Kurt Weill PREMIERE am 23. Juni 2017 Fr 14. Juli Absage wetterbedingt So 16. Juli ausverkauft Fr 21. Juli ausverkauft Sa 22. Juli ausverkauft So 23. Juli ausverkauft Beginn jeweils 20:30 Uhr Reservieren Sie Ihre Karten &#8230;. Sie finden uns in Nassereith, dem Kultur-, Kletter- und vormals [&hellip;]<\/p>\n","protected":false},"author":2,"featured_media":0,"parent":2334,"menu_order":98,"comment_status":"closed","ping_status":"closed","template":"","meta":{"_et_pb_use_builder":"on","_et_pb_old_content":"","_et_gb_content_width":"","footnotes":"","_links_to":"","_links_to_target":""},"_links":{"self":[{"href":"http:\/\/www.kranewitterbuehne.at\/2015\/wp-json\/wp\/v2\/pages\/27251"}],"collection":[{"href":"http:\/\/www.kranewitterbuehne.at\/2015\/wp-json\/wp\/v2\/pages"}],"about":[{"href":"http:\/\/www.kranewitterbuehne.at\/2015\/wp-json\/wp\/v2\/types\/page"}],"author":[{"embeddable":true,"href":"http:\/\/www.kranewitterbuehne.at\/2015\/wp-json\/wp\/v2\/users\/2"}],"replies":[{"embeddable":true,"href":"http:\/\/www.kranewitterbuehne.at\/2015\/wp-json\/wp\/v2\/comments?post=27251"}],"version-history":[{"count":11,"href":"http:\/\/www.kranewitterbuehne.at\/2015\/wp-json\/wp\/v2\/pages\/27251\/revisions"}],"predecessor-version":[{"id":47772,"href":"http:\/\/www.kranewitterbuehne.at\/2015\/wp-json\/wp\/v2\/pages\/27251\/revisions\/47772"}],"up":[{"embeddable":true,"href":"http:\/\/www.kranewitterbuehne.at\/2015\/wp-json\/wp\/v2\/pages\/2334"}],"wp:attachment":[{"href":"http:\/\/www.kranewitterbuehne.at\/2015\/wp-json\/wp\/v2\/media?parent=27251"}],"curies":[{"name":"wp","href":"https:\/\/api.w.org\/{rel}","templated":true}]}}