{"id":26049,"date":"2017-01-18T23:13:43","date_gmt":"2017-01-18T22:13:43","guid":{"rendered":"http:\/\/www.kranewitterbuehne.at\/2015\/?page_id=26049"},"modified":"2018-05-16T22:33:33","modified_gmt":"2018-05-16T20:33:33","slug":"das-stueck","status":"publish","type":"page","link":"http:\/\/www.kranewitterbuehne.at\/2015\/chronik\/die-dreigroschenoper-2017\/das-stueck\/","title":{"rendered":"Das St\u00fcck"},"content":{"rendered":"<p>[et_pb_section bb_built=&#8221;1&#8243; admin_label=&#8221;section&#8221; transparent_background=&#8221;on&#8221; custom_padding=&#8221;-60px|||&#8221; padding_mobile=&#8221;off&#8221; allow_player_pause=&#8221;off&#8221; inner_shadow=&#8221;off&#8221; parallax=&#8221;off&#8221; parallax_method=&#8221;on&#8221; make_fullwidth=&#8221;off&#8221; use_custom_width=&#8221;off&#8221; width_unit=&#8221;on&#8221; make_equal=&#8221;off&#8221; use_custom_gutter=&#8221;off&#8221;][et_pb_row admin_label=&#8221;Zeile&#8221; allow_player_pause=&#8221;off&#8221; parallax=&#8221;off&#8221; parallax_method=&#8221;on&#8221; parallax_1=&#8221;off&#8221; parallax_method_1=&#8221;off&#8221; parallax_2=&#8221;off&#8221; parallax_method_2=&#8221;off&#8221; make_fullwidth=&#8221;off&#8221; use_custom_width=&#8221;off&#8221; width_unit=&#8221;on&#8221; use_custom_gutter=&#8221;off&#8221; make_equal=&#8221;off&#8221; gutter_width=&#8221;1&#8243; background_image=&#8221;http:\/\/www.kranewitterbuehne.at\/2015\/wp-content\/uploads\/2017\/01\/Dreigroschenoper_2017_lang.png&#8221; custom_css_main_element=&#8221;margin-top:-100px;&#8221; background_position=&#8221;top_left&#8221; background_repeat=&#8221;repeat&#8221; background_size=&#8221;initial&#8221;][et_pb_column type=&#8221;2_3&#8243;][et_pb_image admin_label=&#8221;Bild&#8221; src=&#8221;http:\/\/www.kranewitterbuehne.at\/2015\/wp-content\/uploads\/2015\/03\/Dreigroschenoper_pur500.png&#8221; \/][et_pb_toggle admin_label=&#8221;Umschalter&#8221; title=&#8221;\u00bbDoch man sieht nur die im Lichte, die im Dunkeln sieht man nicht.\u00ab&#8221; open=&#8221;on&#8221; title_font_size=&#8221;29px&#8221; body_font=&#8221;Nova Square||||&#8221; body_font_size=&#8221;25px&#8221; body_text_color=&#8221;#424242&#8243; background_color=&#8221;rgba(255,255,255,0.93)&#8221; background_position=&#8221;top_left&#8221; background_repeat=&#8221;repeat&#8221; background_size=&#8221;initial&#8221;]<\/p>\n<p>Die imposanten Felsen der Wendelingrotte am Eingang des Nassereither Gafleintales dienen einmal mehr als einzigartige Kulisse f\u00fcr ein besonderes Theatererlebnis. Die Franz Kranewitter B\u00fchne spielt heuer unter der Regie von Sylvia M. Huber die Dreigroschenoper von Bertolt Brecht.<\/p>\n<p>Gesch\u00e4ftsmann Jonathan J. Peachum wei\u00df, wie man aus dem Elend Kapital schl\u00e4gt: Er schickt Bed\u00fcrftige auf Betteltour durch London. Seine Tochter Polly heiratet hingegen heimlich den skrupellosen Verbrecherk\u00f6nig Macheath, genannt Mackie Messer &#8211; und Peachum will sich r\u00e4chen. Allerdings legt Londons Polizeichef Tiger-Brown keinerlei Ehrgeiz an den Tag, Mackie an den Galgen zu bringen und erweist sich gegen bares Geld immer wieder solidarisch mit dem Verbrecher, seinem alten Armeekollegen. Daraufhin organisiert Peachum einen Aufstand der Bettler&#8230;<\/p>\n<p>Im bitterb\u00f6sen Spiel von Intrige und der Gier nach Macht f\u00fchrt das St\u00fcck durch das Elend der Londoner Unterwelt, in welcher allerlei zwielichtige Kreaturen ihr Unwesen treiben: durchtriebene Ganoven, Bettler und nicht zu vergessen die Hure Jenny, welche mit Mackie Messer eine gemeinsame Vergangenheit teilt\u2026<\/p>\n<p>Trotz des Namens ist die Dreigroschenoper keine Oper im klassischen Sinn sondern ein Theaterst\u00fcck mit Gesangsnummern. Die Franz Kranewitter B\u00fchne empfiehlt den Besuch des St\u00fcckes erst ab 14 Jahren.<\/p>\n<p>[\/et_pb_toggle][\/et_pb_column][et_pb_column type=&#8221;1_3&#8243;][et_pb_divider admin_label=&#8221;Teiler&#8221; height=&#8221;300&#8243; \/][et_pb_toggle admin_label=&#8221;Umschalter&#8221; title=&#8221;Darsteller&#8221; open=&#8221;on&#8221; title_font_size=&#8221;19px&#8221; body_font=&#8221;Nova Square||||&#8221; body_font_size=&#8221;16px&#8221; body_text_color=&#8221;#424242&#8243; background_color=&#8221;rgba(255,255,255,0.93)&#8221; background_position=&#8221;top_left&#8221; background_repeat=&#8221;repeat&#8221; background_size=&#8221;initial&#8221; _builder_version=&#8221;3.0.51&#8243;]<\/p>\n<ul>\n<li><em>Markus Falbesoner<br \/>\n(Mackie Messer)<\/em><\/li>\n<li><em>\u00a0<\/em><em>Dietmar Unterlechner<br \/>\n(Jonathan J. Peachum)<\/em><\/li>\n<li><em>Martina Wander<br \/>\n(Celia Peachum)<\/em><\/li>\n<li><em>Tamara Agerer<br \/>\n(Polly Peachum)<\/em><\/li>\n<li><em>Hermann Krabichler<br \/>\n(Tiger-Brown)<\/em><\/li>\n<li><em>Johanna Schatz<br \/>\n(Lucy Brown)<\/em><\/li>\n<li><em>Corinna Lair<br \/>\n(Spelunken-Jenny)<\/em><\/li>\n<li><em>Philipp Mang<br \/>\n(Konstabler Smith &amp; Pfarrer)<\/em><\/li>\n<li><em>Fabienne Trs<br \/>\n(Bettlerin Emily Filch)<\/em><\/li>\n<li><em>Clemens Thurner<br \/>\n(M\u00fcnz-Matthias)<\/em><\/li>\n<li><em>Stefan Agreiter<br \/>\n(Hakenfinger-Jakob)<\/em><\/li>\n<li><em>Bettina Brand<br \/>\n(Gina)<\/em><\/li>\n<li><em>Birgit Auer<br \/>\n(Dolly)<\/em><\/li>\n<li><em>Stefanie Niedermayr<br \/>\n(Sunny)<\/em><\/li>\n<li><em>Lydia Thurner<br \/>\n(Moritaten-S\u00e4ngerin)<\/em><\/li>\n<\/ul>\n<p>&nbsp;<\/p>\n<p>[\/et_pb_toggle][\/et_pb_column][\/et_pb_row][\/et_pb_section][et_pb_section bb_built=&#8221;1&#8243; admin_label=&#8221;Section&#8221; fullwidth=&#8221;off&#8221; specialty=&#8221;off&#8221; _builder_version=&#8221;3.0.51&#8243; background_color_gradient_start=&#8221;#2254aa&#8221; background_color_gradient_end=&#8221;rgba(61,17,84,0.69)&#8221; background_image=&#8221;http:\/\/www.kranewitterbuehne.at\/2015\/wp-content\/uploads\/2017\/05\/DSCN0443-2-compressor-1.jpg&#8221;][et_pb_row admin_label=&#8221;Row&#8221; _builder_version=&#8221;3.0.51&#8243; background_color_1=&#8221;rgba(0,0,0,0.45)&#8221; background_position_1=&#8221;top_left&#8221; background_repeat_1=&#8221;no-repeat&#8221; background_color_2=&#8221;rgba(0,0,0,0.45)&#8221; background_position_2=&#8221;top_left&#8221; background_repeat_2=&#8221;no-repeat&#8221; background_color_3=&#8221;rgba(0,0,0,0.45)&#8221; background_position_3=&#8221;top_left&#8221; background_repeat_3=&#8221;no-repeat&#8221; padding_top_1=&#8221;15px&#8221; padding_right_1=&#8221;15px&#8221; padding_bottom_1=&#8221;15px&#8221; padding_left_1=&#8221;15px&#8221; padding_top_2=&#8221;15px&#8221; padding_right_2=&#8221;15px&#8221; padding_bottom_2=&#8221;15px&#8221; padding_left_2=&#8221;15px&#8221; padding_top_3=&#8221;15px&#8221; padding_right_3=&#8221;15px&#8221; padding_bottom_3=&#8221;15px&#8221; padding_left_3=&#8221;15px&#8221;][et_pb_column type=&#8221;1_3&#8243;][et_pb_video admin_label=&#8221;Video&#8221; _builder_version=&#8221;3.0.51&#8243; src=&#8221;https:\/\/www.youtube.com\/watch?v=jLIqKWmapDY&#8221; image_src=&#8221;http:\/\/www.kranewitterbuehne.at\/2015\/wp-content\/uploads\/2017\/06\/20170605_193808-1-15.jpg&#8221; play_icon_color=&#8221;#0c71c3&#8243; \/][et_pb_blurb admin_label=&#8221;Blurb Intro&#8221; _builder_version=&#8221;3.0.51&#8243; title=&#8221;Intro&#8221; url_new_window=&#8221;off&#8221; use_icon=&#8221;off&#8221; background_color=&#8221;rgba(34,34,34,0.68)&#8221; use_circle=&#8221;off&#8221; use_circle_border=&#8221;off&#8221; icon_placement=&#8221;top&#8221; use_icon_font_size=&#8221;off&#8221; background_layout=&#8221;dark&#8221; border_style=&#8221;solid&#8221; animation=&#8221;top&#8221; text_orientation=&#8221;center&#8221; header_font=&#8221;Roboto||||&#8221; header_font_size=&#8221;30&#8243; header_letter_spacing=&#8221;2px&#8221; body_font=&#8221;Open Sans||||&#8221; body_text_color=&#8221;#cccccc&#8221; use_border_color=&#8221;on&#8221; border_color=&#8221;#333333&#8243; custom_margin=&#8221;-10px|||&#8221; custom_padding=&#8221;15px|15px|15px|15px&#8221;]<\/p>\n<p>Ein paar Bilder &#8230;<\/p>\n<p>[\/et_pb_blurb][\/et_pb_column][et_pb_column type=&#8221;1_3&#8243;][et_pb_video admin_label=&#8221;Video&#8221; _builder_version=&#8221;3.0.51&#8243; src=&#8221;https:\/\/www.youtube.com\/watch?v=EWGu13_0t3I&amp;t=12s&#8221; image_src=&#8221;http:\/\/www.kranewitterbuehne.at\/2015\/wp-content\/uploads\/2017\/01\/LegoChris1.jpg&#8221; play_icon_color=&#8221;#0c71c3&#8243; \/][et_pb_blurb admin_label=&#8221;Blurb LEGO&#8221; _builder_version=&#8221;3.0.51&#8243; title=&#8221;Einf\u00fchrung&#8221; url_new_window=&#8221;off&#8221; use_icon=&#8221;off&#8221; background_color=&#8221;rgba(34,34,34,0.68)&#8221; use_circle=&#8221;off&#8221; use_circle_border=&#8221;off&#8221; icon_placement=&#8221;top&#8221; use_icon_font_size=&#8221;off&#8221; background_layout=&#8221;dark&#8221; border_style=&#8221;solid&#8221; animation=&#8221;top&#8221; text_orientation=&#8221;center&#8221; header_font=&#8221;Roboto||||&#8221; header_font_size=&#8221;30&#8243; header_letter_spacing=&#8221;2px&#8221; body_font=&#8221;Open Sans||||&#8221; body_text_color=&#8221;#cccccc&#8221; use_border_color=&#8221;on&#8221; border_color=&#8221;#333333&#8243; custom_margin=&#8221;-10px|||&#8221; custom_padding=&#8221;15px|15px|15px|15px&#8221;]<\/p>\n<p>Neun Minuten \u00fcbersichtlich<\/p>\n<p>[\/et_pb_blurb][\/et_pb_column][et_pb_column type=&#8221;1_3&#8243;][et_pb_video admin_label=&#8221;Video&#8221; _builder_version=&#8221;3.0.51&#8243; src=&#8221;https:\/\/www.youtube.com\/watch?v=u8jXiMl4kXM&#8221; image_src=&#8221;http:\/\/www.kranewitterbuehne.at\/2015\/wp-content\/uploads\/2017\/06\/Mackie_bei_den_Huren-5.jpg&#8221; play_icon_color=&#8221;#0c71c3&#8243; \/][et_pb_blurb admin_label=&#8221;Blurb Historie Raabe&#8221; _builder_version=&#8221;3.0.51&#8243; title=&#8221;Historie&#8221; url_new_window=&#8221;off&#8221; use_icon=&#8221;off&#8221; background_color=&#8221;rgba(34,34,34,0.68)&#8221; use_circle=&#8221;off&#8221; use_circle_border=&#8221;off&#8221; icon_placement=&#8221;top&#8221; use_icon_font_size=&#8221;off&#8221; background_layout=&#8221;dark&#8221; border_style=&#8221;solid&#8221; animation=&#8221;top&#8221; text_orientation=&#8221;center&#8221; header_font=&#8221;Roboto||||&#8221; header_font_size=&#8221;30&#8243; header_letter_spacing=&#8221;2px&#8221; body_font=&#8221;Open Sans||||&#8221; body_text_color=&#8221;#cccccc&#8221; use_border_color=&#8221;on&#8221; border_color=&#8221;#333333&#8243; custom_margin=&#8221;-10px|||&#8221; custom_padding=&#8221;15px|15px|15px|15px&#8221;]<\/p>\n<p>&#8230; etwas Theatergeschichte<\/p>\n<p>[\/et_pb_blurb][\/et_pb_column][\/et_pb_row][et_pb_row admin_label=&#8221;Row&#8221; _builder_version=&#8221;3.0.51&#8243; background_color_1=&#8221;rgba(0,0,0,0.45)&#8221; background_position_1=&#8221;top_left&#8221; background_repeat_1=&#8221;no-repeat&#8221; background_color_2=&#8221;rgba(0,0,0,0.45)&#8221; background_position_2=&#8221;top_left&#8221; background_repeat_2=&#8221;no-repeat&#8221; background_color_3=&#8221;rgba(0,0,0,0.45)&#8221; background_position_3=&#8221;top_left&#8221; background_repeat_3=&#8221;no-repeat&#8221; padding_top_1=&#8221;15px&#8221; padding_right_1=&#8221;15px&#8221; padding_bottom_1=&#8221;15px&#8221; padding_left_1=&#8221;15px&#8221; padding_top_2=&#8221;15px&#8221; padding_right_2=&#8221;15px&#8221; padding_bottom_2=&#8221;15px&#8221; padding_left_2=&#8221;15px&#8221; padding_top_3=&#8221;15px&#8221; padding_right_3=&#8221;15px&#8221; padding_bottom_3=&#8221;15px&#8221; padding_left_3=&#8221;15px&#8221;][et_pb_column type=&#8221;1_3&#8243;][et_pb_video admin_label=&#8221;Video&#8221; _builder_version=&#8221;3.0.51&#8243; src=&#8221;https:\/\/www.youtube.com\/watch?v=S-lHrDPjGfQ&#8221; image_src=&#8221;\/\/i.ytimg.com\/vi\/S-lHrDPjGfQ\/hqdefault.jpg&#8221; play_icon_color=&#8221;#0c71c3&#8243; \/][et_pb_blurb admin_label=&#8221;Blurb Armstrong&#8221; _builder_version=&#8221;3.0.51&#8243; title=&#8221;Louis Armstrong &#8221; url_new_window=&#8221;off&#8221; use_icon=&#8221;off&#8221; background_color=&#8221;rgba(34,34,34,0.68)&#8221; use_circle=&#8221;off&#8221; use_circle_border=&#8221;off&#8221; icon_placement=&#8221;top&#8221; use_icon_font_size=&#8221;off&#8221; background_layout=&#8221;dark&#8221; border_style=&#8221;solid&#8221; animation=&#8221;top&#8221; text_orientation=&#8221;center&#8221; header_font=&#8221;Roboto||||&#8221; header_font_size=&#8221;30&#8243; header_letter_spacing=&#8221;2px&#8221; body_font=&#8221;Open Sans||||&#8221; body_text_color=&#8221;#cccccc&#8221; use_border_color=&#8221;on&#8221; border_color=&#8221;#333333&#8243; custom_margin=&#8221;-10px|||&#8221; custom_padding=&#8221;15px|15px|15px|15px&#8221; \/][\/et_pb_column][et_pb_column type=&#8221;1_3&#8243;][et_pb_video admin_label=&#8221;Video&#8221; _builder_version=&#8221;3.0.51&#8243; src=&#8221;https:\/\/www.youtube.com\/watch?v=xVtpqO3WqvQ&#8221; play_icon_color=&#8221;#0c71c3&#8243; \/][et_pb_blurb admin_label=&#8221;Blurb KNEF&#8221; _builder_version=&#8221;3.0.51&#8243; title=&#8221;Hildegard KNEF&#8221; url_new_window=&#8221;off&#8221; use_icon=&#8221;off&#8221; background_color=&#8221;rgba(34,34,34,0.68)&#8221; use_circle=&#8221;off&#8221; use_circle_border=&#8221;off&#8221; icon_placement=&#8221;top&#8221; use_icon_font_size=&#8221;off&#8221; background_layout=&#8221;dark&#8221; border_style=&#8221;solid&#8221; animation=&#8221;top&#8221; text_orientation=&#8221;center&#8221; header_font=&#8221;Roboto||||&#8221; header_font_size=&#8221;30&#8243; header_letter_spacing=&#8221;2px&#8221; body_font=&#8221;Open Sans||||&#8221; body_text_color=&#8221;#cccccc&#8221; use_border_color=&#8221;on&#8221; border_color=&#8221;#333333&#8243; custom_margin=&#8221;-10px|||&#8221; custom_padding=&#8221;15px|15px|15px|15px&#8221; \/][\/et_pb_column][et_pb_column type=&#8221;1_3&#8243;][et_pb_blurb admin_label=&#8221;Blurb WIKI&#8221; _builder_version=&#8221;3.0.51&#8243; title=&#8221;Information WIKIPEDIA&#8221; url_new_window=&#8221;on&#8221; use_icon=&#8221;off&#8221; background_color=&#8221;rgba(34,34,34,0.68)&#8221; use_circle=&#8221;off&#8221; use_circle_border=&#8221;off&#8221; icon_placement=&#8221;top&#8221; use_icon_font_size=&#8221;off&#8221; background_layout=&#8221;dark&#8221; border_style=&#8221;solid&#8221; animation=&#8221;top&#8221; text_orientation=&#8221;center&#8221; header_font=&#8221;Roboto||||&#8221; header_font_size=&#8221;30&#8243; header_letter_spacing=&#8221;2px&#8221; body_font=&#8221;Open Sans||||&#8221; body_text_color=&#8221;#cccccc&#8221; use_border_color=&#8221;on&#8221; border_color=&#8221;#333333&#8243; custom_margin=&#8221;-10px|||&#8221; custom_padding=&#8221;15px|15px|15px|15px&#8221; url=&#8221;https:\/\/de.wikipedia.org\/wiki\/Die_Dreigroschenoper&#8221; image=&#8221;http:\/\/www.kranewitterbuehne.at\/2015\/wp-content\/uploads\/2017\/05\/Dreigroschenoper_2017_HG_Top.png&#8221; \/][\/et_pb_column][\/et_pb_row][et_pb_row admin_label=&#8221;Zeile&#8221; background_color=&#8221;rgba(0,0,0,0.58)&#8221; parallax_method_1=&#8221;off&#8221; parallax_method_2=&#8221;off&#8221; parallax_method_3=&#8221;off&#8221; parallax_method_4=&#8221;off&#8221; make_fullwidth=&#8221;on&#8221; custom_margin=&#8221;|50px||50px&#8221; custom_padding=&#8221;|20px||20px&#8221; background_position=&#8221;top_left&#8221; background_repeat=&#8221;repeat&#8221; background_size=&#8221;initial&#8221; _builder_version=&#8221;3.0.51&#8243; background_position_1=&#8221;top_left&#8221; background_repeat_1=&#8221;no-repeat&#8221; background_position_2=&#8221;top_left&#8221; background_repeat_2=&#8221;no-repeat&#8221; background_position_3=&#8221;top_left&#8221; background_repeat_3=&#8221;no-repeat&#8221; background_position_4=&#8221;top_left&#8221; background_repeat_4=&#8221;no-repeat&#8221; disabled_on=&#8221;on|on|on&#8221; disabled=&#8221;on&#8221;][et_pb_column type=&#8221;1_4&#8243;][et_pb_image admin_label=&#8221;Bild&#8221; src=&#8221;http:\/\/www.kranewitterbuehne.at\/2015\/wp-content\/uploads\/2015\/03\/Dreigroschenoper_pur500.png&#8221; custom_margin=&#8221;|20px||&#8221; \/][\/et_pb_column][et_pb_column type=&#8221;1_4&#8243;][et_pb_text admin_label=&#8221;wiki&#8221; use_border_color=&#8221;on&#8221; border_color=&#8221;#e2e2e2&#8243; custom_margin=&#8221;50px|10px||&#8221; custom_padding=&#8221;10px|10px|10px|10px&#8221; background_layout=&#8221;dark&#8221; text_orientation=&#8221;left&#8221; border_style=&#8221;solid&#8221; background_position=&#8221;top_left&#8221; background_repeat=&#8221;repeat&#8221; background_size=&#8221;initial&#8221; _builder_version=&#8221;3.0.51&#8243; use_background_color_gradient=&#8221;on&#8221; background_color_gradient_start=&#8221;rgba(131,0,233,0.59)&#8221; background_color_gradient_end=&#8221;rgba(224,43,32,0.5)&#8221;]<\/p>\n<p>Informationen am Rande<\/p>\n<p><span style=\"color: #993300;\"><strong><a href=\"https:\/\/de.wikipedia.org\/wiki\/Die_Dreigroschenoper\">WIKIPEDIA<\/a><\/strong><\/span><\/p>\n<p><span style=\"color: #993300;\"><strong><a href=\"https:\/\/www.youtube.com\/watch?v=S-lHrDPjGfQ\" target=\"_blank\" rel=\"noopener\">Lous Armstrong<\/a> \u00a0<\/strong><\/span><\/p>\n<p><span style=\"color: #800080;\"><strong><a href=\"https:\/\/www.youtube.com\/watch?v=xVtpqO3WqvQ\" target=\"_blank\" rel=\"noopener\">Hildegard Knef<\/a><\/strong><\/span><\/p>\n<p>[\/et_pb_text][\/et_pb_column][et_pb_column type=&#8221;1_4&#8243;][et_pb_image admin_label=&#8221;Bild&#8221; src=&#8221;http:\/\/www.kranewitterbuehne.at\/2015\/wp-content\/uploads\/2017\/01\/3Groschensolo.png&#8221; custom_margin=&#8221;|20px||&#8221; \/][\/et_pb_column][et_pb_column type=&#8221;1_4&#8243;][et_pb_image admin_label=&#8221;Bild&#8221; show_in_lightbox=&#8221;off&#8221; url_new_window=&#8221;off&#8221; src=&#8221;http:\/\/www.kranewitterbuehne.at\/2015\/wp-content\/uploads\/2015\/03\/Dreigroschenoper_2017_tp300-8.png&#8221; sticky=&#8221;off&#8221; align=&#8221;left&#8221; always_center_on_mobile=&#8221;on&#8221; use_overlay=&#8221;off&#8221; use_border_color=&#8221;off&#8221; border_color=&#8221;#ffffff&#8221; border_style=&#8221;solid&#8221; force_fullwidth=&#8221;off&#8221; animation=&#8221;left&#8221; \/][\/et_pb_column][\/et_pb_row][\/et_pb_section][et_pb_section bb_built=&#8221;1&#8243; admin_label=&#8221;Sektion&#8221; transparent_background=&#8221;on&#8221; padding_mobile=&#8221;off&#8221; fullwidth=&#8221;on&#8221; disabled_on=&#8221;off|off|off&#8221; disabled=&#8221;off&#8221;][et_pb_fullwidth_image admin_label=&#8221;Volle Breite des Bildes&#8221; src=&#8221;http:\/\/www.kranewitterbuehne.at\/2015\/wp-content\/uploads\/2015\/03\/Mackie_Messer_Damen-1024.jpg&#8221; show_in_lightbox=&#8221;off&#8221; url_new_window=&#8221;off&#8221; use_overlay=&#8221;off&#8221; use_border_color=&#8221;off&#8221; border_color=&#8221;#ffffff&#8221; border_style=&#8221;solid&#8221; animation=&#8221;left&#8221; \/][et_pb_fullwidth_image admin_label=&#8221;Volle Breite des Bildes&#8221; src=&#8221;http:\/\/www.kranewitterbuehne.at\/2015\/wp-content\/uploads\/2017\/01\/FKB_Plakat_2017.jpg&#8221; show_in_lightbox=&#8221;off&#8221; url_new_window=&#8221;off&#8221; use_overlay=&#8221;off&#8221; border_style=&#8221;solid&#8221; animation=&#8221;left&#8221; _builder_version=&#8221;3.0.51&#8243; \/][\/et_pb_section]<\/p>\n","protected":false},"excerpt":{"rendered":"<p>Die imposanten Felsen der Wendelingrotte am Eingang des Nassereither Gafleintales dienen einmal mehr als einzigartige Kulisse f\u00fcr ein besonderes Theatererlebnis. Die Franz Kranewitter B\u00fchne spielt heuer unter der Regie von Sylvia M. Huber die Dreigroschenoper von Bertolt Brecht. Gesch\u00e4ftsmann Jonathan J. Peachum wei\u00df, wie man aus dem Elend Kapital schl\u00e4gt: Er schickt Bed\u00fcrftige auf Betteltour [&hellip;]<\/p>\n","protected":false},"author":2,"featured_media":0,"parent":27251,"menu_order":1,"comment_status":"closed","ping_status":"closed","template":"","meta":{"_et_pb_use_builder":"on","_et_pb_old_content":"","_et_gb_content_width":"","footnotes":"","_links_to":"","_links_to_target":""},"_links":{"self":[{"href":"http:\/\/www.kranewitterbuehne.at\/2015\/wp-json\/wp\/v2\/pages\/26049"}],"collection":[{"href":"http:\/\/www.kranewitterbuehne.at\/2015\/wp-json\/wp\/v2\/pages"}],"about":[{"href":"http:\/\/www.kranewitterbuehne.at\/2015\/wp-json\/wp\/v2\/types\/page"}],"author":[{"embeddable":true,"href":"http:\/\/www.kranewitterbuehne.at\/2015\/wp-json\/wp\/v2\/users\/2"}],"replies":[{"embeddable":true,"href":"http:\/\/www.kranewitterbuehne.at\/2015\/wp-json\/wp\/v2\/comments?post=26049"}],"version-history":[{"count":55,"href":"http:\/\/www.kranewitterbuehne.at\/2015\/wp-json\/wp\/v2\/pages\/26049\/revisions"}],"predecessor-version":[{"id":26425,"href":"http:\/\/www.kranewitterbuehne.at\/2015\/wp-json\/wp\/v2\/pages\/26049\/revisions\/26425"}],"up":[{"embeddable":true,"href":"http:\/\/www.kranewitterbuehne.at\/2015\/wp-json\/wp\/v2\/pages\/27251"}],"wp:attachment":[{"href":"http:\/\/www.kranewitterbuehne.at\/2015\/wp-json\/wp\/v2\/media?parent=26049"}],"curies":[{"name":"wp","href":"https:\/\/api.w.org\/{rel}","templated":true}]}}