{"id":24987,"date":"2016-07-06T14:05:45","date_gmt":"2016-07-06T12:05:45","guid":{"rendered":"http:\/\/www.kranewitterbuehne.at\/2015\/?page_id=24987"},"modified":"2017-06-22T20:56:47","modified_gmt":"2017-06-22T18:56:47","slug":"empfangsbestaetigung","status":"publish","type":"page","link":"http:\/\/www.kranewitterbuehne.at\/2015\/termine\/reservierung\/empfangsbestaetigung\/","title":{"rendered":"Empfangsbest\u00e4tigung"},"content":{"rendered":"<p>[et_pb_section bb_built=&#8221;1&#8243; admin_label=&#8221;section&#8221;][et_pb_row admin_label=&#8221;row&#8221; background_position=&#8221;top_left&#8221; background_repeat=&#8221;repeat&#8221; background_size=&#8221;initial&#8221;][et_pb_column type=&#8221;4_4&#8243;][et_pb_blurb admin_label=&#8221;Informationstext&#8221; url=&#8221;http:\/\/www.kranewitterbuehne.at\/2015\/?page_id=11&#8243; url_new_window=&#8221;off&#8221; use_icon=&#8221;on&#8221; font_icon=&#8221;%%85%%&#8221; icon_color=&#8221;#8300e9&#8243; use_circle=&#8221;off&#8221; use_circle_border=&#8221;off&#8221; icon_placement=&#8221;left&#8221; animation=&#8221;top&#8221; background_layout=&#8221;light&#8221; use_icon_font_size=&#8221;off&#8221; border_style=&#8221;solid&#8221; background_position=&#8221;top_left&#8221; background_repeat=&#8221;repeat&#8221; background_size=&#8221;initial&#8221; _builder_version=&#8221;3.0.51&#8243;]<\/p>\n<p>Wir haben Ihre Bestellung erhalten und \u00fcberpr\u00fcfen, ob noch ausreichend freie Pl\u00e4tze vorhanden sind. Eine Empfangsbest\u00e4tigung Ihrer Bestellung wird Ihnen per E-Mail \u00fcbermittelt.<\/p>\n<p>Sobald die Reservierung\u00a0durchgef\u00fchrt werden kann, erhalten Sie eine Best\u00e4tigung per E-Mail! Bitte haben Sie etwas Geduld!<\/p>\n<p>Besten Dank f\u00fcr Ihr Interesse!<br \/>\n<em>Ihr Franz-Kranewitter-B\u00fchne-Team<\/em><\/p>\n<p>[\/et_pb_blurb][et_pb_cta admin_label=&#8221;Handlungsaufruf&#8221; button_url=&#8221;http:\/\/www.kranewitterbuehne.at\/2015\/?page_id=11&#8243; url_new_window=&#8221;off&#8221; use_background_color=&#8221;off&#8221; background_layout=&#8221;light&#8221; border_style=&#8221;solid&#8221; custom_button=&#8221;off&#8221; button_letter_spacing=&#8221;0&#8243; button_icon_placement=&#8221;right&#8221; button_letter_spacing_hover=&#8221;0&#8243; button_text=&#8221;RETOUR&#8221; background_position=&#8221;top_left&#8221; background_repeat=&#8221;repeat&#8221; background_size=&#8221;initial&#8221; _builder_version=&#8221;3.0.48&#8243; \/][\/et_pb_column][\/et_pb_row][\/et_pb_section]<\/p>\n","protected":false},"excerpt":{"rendered":"<p>Wir haben Ihre Bestellung erhalten und \u00fcberpr\u00fcfen, ob noch ausreichend freie Pl\u00e4tze vorhanden sind. Eine Empfangsbest\u00e4tigung Ihrer Bestellung wird Ihnen per E-Mail \u00fcbermittelt. Sobald die Reservierung\u00a0durchgef\u00fchrt werden kann, erhalten Sie eine Best\u00e4tigung per E-Mail! Bitte haben Sie etwas Geduld! Besten Dank f\u00fcr Ihr Interesse! Ihr Franz-Kranewitter-B\u00fchne-Team<\/p>\n","protected":false},"author":2,"featured_media":0,"parent":23,"menu_order":999,"comment_status":"closed","ping_status":"closed","template":"","meta":{"_et_pb_use_builder":"on","_et_pb_old_content":"","_et_gb_content_width":"","footnotes":"","_links_to":"","_links_to_target":""},"_links":{"self":[{"href":"http:\/\/www.kranewitterbuehne.at\/2015\/wp-json\/wp\/v2\/pages\/24987"}],"collection":[{"href":"http:\/\/www.kranewitterbuehne.at\/2015\/wp-json\/wp\/v2\/pages"}],"about":[{"href":"http:\/\/www.kranewitterbuehne.at\/2015\/wp-json\/wp\/v2\/types\/page"}],"author":[{"embeddable":true,"href":"http:\/\/www.kranewitterbuehne.at\/2015\/wp-json\/wp\/v2\/users\/2"}],"replies":[{"embeddable":true,"href":"http:\/\/www.kranewitterbuehne.at\/2015\/wp-json\/wp\/v2\/comments?post=24987"}],"version-history":[{"count":7,"href":"http:\/\/www.kranewitterbuehne.at\/2015\/wp-json\/wp\/v2\/pages\/24987\/revisions"}],"predecessor-version":[{"id":26664,"href":"http:\/\/www.kranewitterbuehne.at\/2015\/wp-json\/wp\/v2\/pages\/24987\/revisions\/26664"}],"up":[{"embeddable":true,"href":"http:\/\/www.kranewitterbuehne.at\/2015\/wp-json\/wp\/v2\/pages\/23"}],"wp:attachment":[{"href":"http:\/\/www.kranewitterbuehne.at\/2015\/wp-json\/wp\/v2\/media?parent=24987"}],"curies":[{"name":"wp","href":"https:\/\/api.w.org\/{rel}","templated":true}]}}