{"id":23,"date":"2015-03-28T18:39:47","date_gmt":"2015-03-28T17:39:47","guid":{"rendered":"http:\/\/www.kranewitterbuehne.at\/2015\/?page_id=23"},"modified":"2018-11-28T10:26:35","modified_gmt":"2018-11-28T09:26:35","slug":"reservierung","status":"publish","type":"page","link":"http:\/\/www.kranewitterbuehne.at\/2015\/termine\/reservierung\/","title":{"rendered":"Reservieren"},"content":{"rendered":"<p>[et_pb_section bb_built=&#8221;1&#8243; admin_label=&#8221;section&#8221; _builder_version=&#8221;3.17.6&#8243; custom_css_main_element=&#8221;margin-top: -100px; !important&#8221; custom_padding=&#8221;10px|||&#8221; next_background_color=&#8221;#000000&#8243;][et_pb_row admin_label=&#8221;row&#8221; custom_padding=&#8221;|||&#8221; column_padding_mobile=&#8221;on&#8221; parallax_method_1=&#8221;off&#8221; parallax_method_2=&#8221;off&#8221; _builder_version=&#8221;3.17.6&#8243; background_size=&#8221;initial&#8221; background_position=&#8221;top_left&#8221; background_repeat=&#8221;repeat&#8221;][et_pb_column type=&#8221;2_3&#8243;][et_pb_text admin_label=&#8221;Text Hotline&#8221; _builder_version=&#8221;3.0.74&#8243; background_size=&#8221;initial&#8221; background_position=&#8221;top_left&#8221; background_repeat=&#8221;repeat&#8221;]<\/p>\n<p>\n<img loading=\"lazy\" decoding=\"async\" class=\" size-medium wp-image-153 alignright\" src=\"http:\/\/www.kranewitterbuehne.at\/2015\/wp-content\/uploads\/2015\/03\/telephone-300x174.png\" alt=\"telephone\" width=\"300\" height=\"174\" srcset=\"http:\/\/www.kranewitterbuehne.at\/2015\/wp-content\/uploads\/2015\/03\/telephone-300x174.png 300w, http:\/\/www.kranewitterbuehne.at\/2015\/wp-content\/uploads\/2015\/03\/telephone.png 400w\" sizes=\"(max-width: 300px) 100vw, 300px\" \/>Theater Hotline<br \/>Tel. +43 (0)676 487 34 17<br \/>Mo bis Fr von 8:00 bis 13:00 Uhr,<br \/>an Spieltagen ab 17:00 Uhr<\/p>\n<p>&nbsp;<\/p>\n<p>&nbsp;<\/p>\n<p>&nbsp;<\/p>\n<p>[\/et_pb_text][et_pb_image src=&#8221;http:\/\/www.kranewitterbuehne.at\/2015\/wp-content\/uploads\/2017\/07\/ausverkauft_n.jpg&#8221; _builder_version=&#8221;3.17.6&#8243; animation_style=&#8221;slide&#8221; animation_direction=&#8221;left&#8221; animation_duration=&#8221;500ms&#8221; animation_intensity_slide=&#8221;10%&#8221; border_style=&#8221;solid&#8221; sticky=&#8221;off&#8221;]<\/p>\n<p>[\/et_pb_image][\/et_pb_column][et_pb_column type=&#8221;1_3&#8243;][et_pb_text admin_label=&#8221;LOGO&#8221; _builder_version=&#8221;3.0.74&#8243; background_size=&#8221;initial&#8221; background_position=&#8221;top_left&#8221; background_repeat=&#8221;repeat&#8221; text_orientation=&#8221;right&#8221;]<\/p>\n<p> <img loading=\"lazy\" decoding=\"async\" class=\"size-full wp-image-49 alignright\" src=\"http:\/\/www.kranewitterbuehne.at\/2015\/wp-content\/uploads\/2015\/03\/logoFKB140.png\" alt=\"logoFKB140\" width=\"140\" height=\"140\" \/> <\/p>\n<p>[\/et_pb_text][et_pb_text _builder_version=&#8221;3.17.6&#8243; custom_margin=&#8221;300px||&#8221;]<\/p>\n<p>DERZEIT KEINE VORSTELLUNGEN<\/p>\n<p>[\/et_pb_text][\/et_pb_column][\/et_pb_row][et_pb_row make_equal=&#8221;on&#8221; background_position_1=&#8221;top_left&#8221; background_repeat_1=&#8221;no-repeat&#8221; disabled_on=&#8221;off|off|off&#8221; _builder_version=&#8221;3.0.49&#8243; background_size=&#8221;initial&#8221; background_position=&#8221;top_left&#8221; background_repeat=&#8221;repeat&#8221; custom_css_main_element=&#8221;padding-top: -150px;!impotant&#8221;][et_pb_column type=&#8221;4_4&#8243;][et_pb_pricing_tables admin_label=&#8221;Preistabelle&#8221; bullet_color=&#8221;#0c71c3&#8243; featured_table_bullet_color=&#8221;#0c71c3&#8243; show_featured_drop_shadow=&#8221;off&#8221; module_class=&#8221;custom-pricing&#8221; _builder_version=&#8221;3.16&#8243; body_font_size=&#8221;16px&#8221; currency_frequency_font_size=&#8221;19px&#8221; currency_frequency_letter_spacing=&#8221;11px&#8221; price_font_size=&#8221;60&#8243; remove_featured_drop_shadow=&#8221;on&#8221; button_text_size__hover_enabled=&#8221;off&#8221; button_text_size__hover=&#8221;null&#8221; button_one_text_size__hover_enabled=&#8221;off&#8221; button_one_text_size__hover=&#8221;null&#8221; button_two_text_size__hover_enabled=&#8221;off&#8221; button_two_text_size__hover=&#8221;null&#8221; button_text_color__hover_enabled=&#8221;off&#8221; button_text_color__hover=&#8221;null&#8221; button_one_text_color__hover_enabled=&#8221;off&#8221; button_one_text_color__hover=&#8221;null&#8221; button_two_text_color__hover_enabled=&#8221;off&#8221; button_two_text_color__hover=&#8221;null&#8221; button_border_width__hover_enabled=&#8221;off&#8221; button_border_width__hover=&#8221;null&#8221; button_one_border_width__hover_enabled=&#8221;off&#8221; button_one_border_width__hover=&#8221;null&#8221; button_two_border_width__hover_enabled=&#8221;off&#8221; button_two_border_width__hover=&#8221;null&#8221; button_border_color__hover_enabled=&#8221;off&#8221; button_border_color__hover=&#8221;null&#8221; button_one_border_color__hover_enabled=&#8221;off&#8221; button_one_border_color__hover=&#8221;null&#8221; button_two_border_color__hover_enabled=&#8221;off&#8221; button_two_border_color__hover=&#8221;null&#8221; button_border_radius__hover_enabled=&#8221;off&#8221; button_border_radius__hover=&#8221;null&#8221; button_one_border_radius__hover_enabled=&#8221;off&#8221; button_one_border_radius__hover=&#8221;null&#8221; button_two_border_radius__hover_enabled=&#8221;off&#8221; button_two_border_radius__hover=&#8221;null&#8221; button_letter_spacing__hover_enabled=&#8221;off&#8221; button_letter_spacing__hover=&#8221;null&#8221; button_one_letter_spacing__hover_enabled=&#8221;off&#8221; button_one_letter_spacing__hover=&#8221;null&#8221; button_two_letter_spacing__hover_enabled=&#8221;off&#8221; button_two_letter_spacing__hover=&#8221;null&#8221; button_bg_color__hover_enabled=&#8221;off&#8221; button_bg_color__hover=&#8221;null&#8221; button_one_bg_color__hover_enabled=&#8221;off&#8221; button_one_bg_color__hover=&#8221;null&#8221; button_two_bg_color__hover_enabled=&#8221;off&#8221; button_two_bg_color__hover=&#8221;null&#8221;][et_pb_pricing_table featured=&#8221;on&#8221; title=&#8221;Erwachsene&#8221; subtitle=&#8221;Abendvorstellung&#8221; currency=&#8221;\u20ac&#8221; sum=&#8221;14,00&#8243; _builder_version=&#8221;3.16&#8243; header_font=&#8221;||||&#8221; body_font=&#8221;||||&#8221; subheader_font=&#8221;||||&#8221; subheader_font_size=&#8221;22px&#8221; subheader_font_size_tablet=&#8221;22px&#8221; subheader_font_size_phone=&#8221;22px&#8221; currency_frequency_font=&#8221;||||&#8221; price_font=&#8221;||||&#8221; background_color=&#8221;#ffffff&#8221; button_icon_placement=&#8221;right&#8221; button_on_hover=&#8221;on&#8221; button_text_size__hover_enabled=&#8221;off&#8221; button_one_text_size__hover_enabled=&#8221;off&#8221; button_two_text_size__hover_enabled=&#8221;off&#8221; button_text_color__hover_enabled=&#8221;off&#8221; button_one_text_color__hover_enabled=&#8221;off&#8221; button_two_text_color__hover_enabled=&#8221;off&#8221; button_border_width__hover_enabled=&#8221;off&#8221; button_one_border_width__hover_enabled=&#8221;off&#8221; button_two_border_width__hover_enabled=&#8221;off&#8221; button_border_color__hover_enabled=&#8221;off&#8221; button_one_border_color__hover_enabled=&#8221;off&#8221; button_two_border_color__hover_enabled=&#8221;off&#8221; button_border_radius__hover_enabled=&#8221;off&#8221; button_one_border_radius__hover_enabled=&#8221;off&#8221; button_two_border_radius__hover_enabled=&#8221;off&#8221; button_letter_spacing__hover_enabled=&#8221;off&#8221; button_one_letter_spacing__hover_enabled=&#8221;off&#8221; button_two_letter_spacing__hover_enabled=&#8221;off&#8221; button_bg_color__hover_enabled=&#8221;off&#8221; button_one_bg_color__hover_enabled=&#8221;off&#8221; button_two_bg_color__hover_enabled=&#8221;off&#8221;]<\/p>\n<div style=\"margin-bottom: 50px;\">Normaltarif<\/div>\n<p>[\/et_pb_pricing_table][et_pb_pricing_table featured=&#8221;on&#8221; title=&#8221;Raiffeisen&#8221; subtitle=&#8221;Clubmitglieder&#8221; currency=&#8221;\u20ac&#8221; sum=&#8221;12,00&#8243; _builder_version=&#8221;3.16&#8243; header_font=&#8221;||||&#8221; body_font=&#8221;||||&#8221; subheader_font=&#8221;||||&#8221; currency_frequency_font=&#8221;||||&#8221; price_font=&#8221;||||&#8221; button_icon_placement=&#8221;right&#8221; button_on_hover=&#8221;on&#8221; custom_css_main_element=&#8221;||&#8221; button_text_size__hover_enabled=&#8221;off&#8221; button_one_text_size__hover_enabled=&#8221;off&#8221; button_two_text_size__hover_enabled=&#8221;off&#8221; button_text_color__hover_enabled=&#8221;off&#8221; button_one_text_color__hover_enabled=&#8221;off&#8221; button_two_text_color__hover_enabled=&#8221;off&#8221; button_border_width__hover_enabled=&#8221;off&#8221; button_one_border_width__hover_enabled=&#8221;off&#8221; button_two_border_width__hover_enabled=&#8221;off&#8221; button_border_color__hover_enabled=&#8221;off&#8221; button_one_border_color__hover_enabled=&#8221;off&#8221; button_two_border_color__hover_enabled=&#8221;off&#8221; button_border_radius__hover_enabled=&#8221;off&#8221; button_one_border_radius__hover_enabled=&#8221;off&#8221; button_two_border_radius__hover_enabled=&#8221;off&#8221; button_letter_spacing__hover_enabled=&#8221;off&#8221; button_one_letter_spacing__hover_enabled=&#8221;off&#8221; button_two_letter_spacing__hover_enabled=&#8221;off&#8221; button_bg_color__hover_enabled=&#8221;off&#8221; button_one_bg_color__hover_enabled=&#8221;off&#8221; button_two_bg_color__hover_enabled=&#8221;off&#8221;]Raiffeisen Clubmitglieder haben mehr davon!<br \/>\n[\/et_pb_pricing_table][et_pb_pricing_table featured=&#8221;on&#8221; title=&#8221;Kinder&#8221; subtitle=&#8221;Abendvorstellung&#8221; currency=&#8221;\u20ac&#8221; sum=&#8221;12,00&#8243; _builder_version=&#8221;3.16&#8243; header_font=&#8221;||||&#8221; body_font=&#8221;||||&#8221; subheader_font=&#8221;||||&#8221; currency_frequency_font=&#8221;||||&#8221; price_font=&#8221;||||&#8221; button_icon_placement=&#8221;right&#8221; button_on_hover=&#8221;on&#8221; custom_css_main_element=&#8221;||&#8221; button_text_size__hover_enabled=&#8221;off&#8221; button_one_text_size__hover_enabled=&#8221;off&#8221; button_two_text_size__hover_enabled=&#8221;off&#8221; button_text_color__hover_enabled=&#8221;off&#8221; button_one_text_color__hover_enabled=&#8221;off&#8221; button_two_text_color__hover_enabled=&#8221;off&#8221; button_border_width__hover_enabled=&#8221;off&#8221; button_one_border_width__hover_enabled=&#8221;off&#8221; button_two_border_width__hover_enabled=&#8221;off&#8221; button_border_color__hover_enabled=&#8221;off&#8221; button_one_border_color__hover_enabled=&#8221;off&#8221; button_two_border_color__hover_enabled=&#8221;off&#8221; button_border_radius__hover_enabled=&#8221;off&#8221; button_one_border_radius__hover_enabled=&#8221;off&#8221; button_two_border_radius__hover_enabled=&#8221;off&#8221; button_letter_spacing__hover_enabled=&#8221;off&#8221; button_one_letter_spacing__hover_enabled=&#8221;off&#8221; button_two_letter_spacing__hover_enabled=&#8221;off&#8221; button_bg_color__hover_enabled=&#8221;off&#8221; button_one_bg_color__hover_enabled=&#8221;off&#8221; button_two_bg_color__hover_enabled=&#8221;off&#8221;]Kindertarif,\u00a0f\u00fcr die Theater begeisterte Jugend bis zum 15. Geburtstag.<br \/>\n<img loading=\"lazy\" decoding=\"async\" class=\"alignnone size-thumbnail wp-image-26526\" src=\"http:\/\/www.kranewitterbuehne.at\/2015\/wp-content\/uploads\/2015\/03\/FKB_14_button-150x73.jpg\" alt=\"\" width=\"150\" height=\"73\" \/><br \/>\n[\/et_pb_pricing_table][et_pb_pricing_table featured=&#8221;on&#8221; title=&#8221;Genuss\u00b2&#8221; subtitle=&#8221;Theateressen&#8221; currency=&#8221;\u20ac&#8221; sum=&#8221;31,00&#8243; _builder_version=&#8221;3.16&#8243; header_font=&#8221;||||&#8221; body_font=&#8221;||||&#8221; subheader_font=&#8221;||||&#8221; currency_frequency_font=&#8221;||||&#8221; price_font=&#8221;||||&#8221; button_icon_placement=&#8221;right&#8221; button_on_hover=&#8221;on&#8221; button_text_size__hover_enabled=&#8221;off&#8221; button_one_text_size__hover_enabled=&#8221;off&#8221; button_two_text_size__hover_enabled=&#8221;off&#8221; button_text_color__hover_enabled=&#8221;off&#8221; button_one_text_color__hover_enabled=&#8221;off&#8221; button_two_text_color__hover_enabled=&#8221;off&#8221; button_border_width__hover_enabled=&#8221;off&#8221; button_one_border_width__hover_enabled=&#8221;off&#8221; button_two_border_width__hover_enabled=&#8221;off&#8221; button_border_color__hover_enabled=&#8221;off&#8221; button_one_border_color__hover_enabled=&#8221;off&#8221; button_two_border_color__hover_enabled=&#8221;off&#8221; button_border_radius__hover_enabled=&#8221;off&#8221; button_one_border_radius__hover_enabled=&#8221;off&#8221; button_two_border_radius__hover_enabled=&#8221;off&#8221; button_letter_spacing__hover_enabled=&#8221;off&#8221; button_one_letter_spacing__hover_enabled=&#8221;off&#8221; button_two_letter_spacing__hover_enabled=&#8221;off&#8221; button_bg_color__hover_enabled=&#8221;off&#8221; button_one_bg_color__hover_enabled=&#8221;off&#8221; button_two_bg_color__hover_enabled=&#8221;off&#8221;]<\/p>\n<p class=\"p1\"><strong><span class=\"s1\">im Restaurant Seebua oder Hotel Post<br \/>\n<\/span><\/strong><span class=\"s1\">Theatereintritt inklusive<\/span><\/p>\n<p>[\/et_pb_pricing_table][\/et_pb_pricing_tables][\/et_pb_column][\/et_pb_row][\/et_pb_section][et_pb_section bb_built=&#8221;1&#8243; disabled_on=&#8221;on|on|on&#8221; _builder_version=&#8221;3.17.6&#8243; custom_css_main_element=&#8221;margin-top:-50px;&#8221; prev_background_color=&#8221;#000000&#8243; next_background_color=&#8221;#000000&#8243;][et_pb_row _builder_version=&#8221;3.0.47&#8243; background_size=&#8221;initial&#8221; background_position=&#8221;top_left&#8221; background_repeat=&#8221;repeat&#8221;][et_pb_column type=&#8221;4_4&#8243;][et_pb_toggle title=&#8221;Theater-Men\u00fc-Information&#8221; icon_color=&#8221;#e09900&#8243; _builder_version=&#8221;3.17.6&#8243; background_size=&#8221;initial&#8221; background_position=&#8221;top_left&#8221; background_repeat=&#8221;repeat&#8221;]<\/p>\n<p><span class=\"s1\">Liebe Theater-Genie\u00dfer!<\/span><\/p>\n<p>Passend zum kulturellen Genuss servieren Ihnen unsere zwei\u00a0Restaurant-Partner auf Wunsch spezielle Theater-Men\u00fcs. Das Angebot gilt nur an Theaterabenden. Fein speisen und darnach die Dreigroschenoper\u00a0schauen &#8211; alles zusammen um \u20ac 31,00.<\/p>\n<p><em><span class=\"s1\">Reservierung erforderlich unter Tel. +43 (0)676 487 34 17 oder \u00fcber unsere Webseite (gleich unten).<\/span><\/em><\/p>\n<p>[\/et_pb_toggle][\/et_pb_column][\/et_pb_row][et_pb_row _builder_version=&#8221;3.0.47&#8243; background_size=&#8221;initial&#8221; background_position=&#8221;top_left&#8221; background_repeat=&#8221;repeat&#8221;][et_pb_column type=&#8221;1_4&#8243;][et_pb_blurb admin_label=&#8221;Informationstext zum Formular&#8221; title=&#8221;zum Bestellformular&#8221; use_icon=&#8221;on&#8221; font_icon=&#8221;%%22%%&#8221; icon_color=&#8221;#0c71c3&#8243; _builder_version=&#8221;3.0.74&#8243; background_size=&#8221;initial&#8221; background_position=&#8221;top_left&#8221; background_repeat=&#8221;repeat&#8221; text_orientation=&#8221;center&#8221;]<\/p>\n<p>[\/et_pb_blurb][\/et_pb_column][et_pb_column type=&#8221;1_4&#8243;][et_pb_image src=&#8221;http:\/\/www.kranewitterbuehne.at\/2015\/wp-content\/uploads\/2015\/03\/Dreigroschenoper_pur500.png&#8221; show_bottom_space=&#8221;off&#8221; _builder_version=&#8221;3.0.74&#8243; animation=&#8221;off&#8221; sticky=&#8221;on&#8221;]<\/p>\n<p>[\/et_pb_image][\/et_pb_column][et_pb_column type=&#8221;1_2&#8243;][et_pb_portfolio fullwidth=&#8221;off&#8221; include_categories=&#8221;13&#8243; show_categories=&#8221;off&#8221; show_pagination=&#8221;off&#8221; _builder_version=&#8221;3.0.47&#8243; background_size=&#8221;initial&#8221; background_position=&#8221;top_left&#8221; background_repeat=&#8221;repeat&#8221;]<\/p>\n<p>[\/et_pb_portfolio][\/et_pb_column][\/et_pb_row][\/et_pb_section][et_pb_section bb_built=&#8221;1&#8243; admin_label=&#8221;section&#8221; _builder_version=&#8221;3.17.6&#8243; prev_background_color=&#8221;#000000&#8243; next_background_color=&#8221;#000000&#8243;][et_pb_row _builder_version=&#8221;3.0.47&#8243; background_size=&#8221;initial&#8221; background_position=&#8221;top_left&#8221; background_repeat=&#8221;repeat&#8221;][et_pb_column type=&#8221;4_4&#8243;][et_pb_divider color=&#8221;#e02b20&#8243; divider_weight=&#8221;1px&#8221; disabled_on=&#8221;on|on|off&#8221; _builder_version=&#8221;3.2&#8243;]<\/p>\n<p>[\/et_pb_divider][\/et_pb_column][\/et_pb_row][et_pb_row admin_label=&#8221;row&#8221; disabled_on=&#8221;on|on|on&#8221; _builder_version=&#8221;3.17.6&#8243; background_size=&#8221;initial&#8221; background_position=&#8221;top_left&#8221; background_repeat=&#8221;repeat&#8221;][et_pb_column type=&#8221;2_3&#8243;][et_pb_blurb admin_label=&#8221;Informationstext Reservierung&#8221; title=&#8221;Ticket-Reservierung&#8221; _builder_version=&#8221;3.17.6&#8243; background_size=&#8221;initial&#8221; background_position=&#8221;top_left&#8221; background_repeat=&#8221;repeat&#8221;]<\/p>\n<p>Bitte beachten Sie, dass wir Online-Reservierungen nur bis jeweils Freitag, 15:00 Uhr bearbeiten k\u00f6nnen.<\/p>\n<p>[\/et_pb_blurb][et_pb_tabs disabled_on=&#8221;on|on|on&#8221; _builder_version=&#8221;3.17.6&#8243; background_size=&#8221;initial&#8221; background_position=&#8221;top_left&#8221; background_repeat=&#8221;repeat&#8221;][et_pb_tab title=&#8221;Karten-Reservierung&#8221; _builder_version=&#8221;3.17.6&#8243; tab_font=&#8221;||||&#8221; tab_line_height=&#8221;2em&#8221; tab_line_height_tablet=&#8221;2em&#8221; tab_line_height_phone=&#8221;2em&#8221; body_font=&#8221;||||&#8221; body_line_height=&#8221;2em&#8221; body_line_height_tablet=&#8221;2em&#8221; body_line_height_phone=&#8221;2em&#8221; background_size=&#8221;initial&#8221; background_position=&#8221;top_left&#8221; background_repeat=&#8221;repeat&#8221; link_option_url_new_window=&#8221;off&#8221; use_background_color_gradient=&#8221;off&#8221; background_color_gradient_start=&#8221;#2b87da&#8221; background_color_gradient_end=&#8221;#29c4a9&#8243; background_color_gradient_type=&#8221;linear&#8221; background_color_gradient_direction=&#8221;180deg&#8221; background_color_gradient_direction_radial=&#8221;center&#8221; background_color_gradient_start_position=&#8221;0%&#8221; background_color_gradient_end_position=&#8221;100%&#8221; background_color_gradient_overlays_image=&#8221;off&#8221; parallax=&#8221;off&#8221; parallax_method=&#8221;on&#8221; background_blend=&#8221;normal&#8221; allow_player_pause=&#8221;off&#8221; background_video_pause_outside_viewport=&#8221;on&#8221; tab_text_shadow_style=&#8221;none&#8221; body_text_shadow_style=&#8221;none&#8221; hover_transition_duration=&#8221;300ms&#8221; hover_transition_delay=&#8221;0ms&#8221; hover_transition_speed_curve=&#8221;ease&#8221;]<\/p>\n[Form id=\"10\"]\n<p>[\/et_pb_tab][et_pb_tab title=&#8221;Legende&#8221; _builder_version=&#8221;3.17.6&#8243; tab_font=&#8221;||||&#8221; tab_line_height=&#8221;2em&#8221; tab_line_height_tablet=&#8221;2em&#8221; tab_line_height_phone=&#8221;2em&#8221; body_font=&#8221;||||&#8221; body_line_height=&#8221;2em&#8221; body_line_height_tablet=&#8221;2em&#8221; body_line_height_phone=&#8221;2em&#8221; background_size=&#8221;initial&#8221; background_position=&#8221;top_left&#8221; background_repeat=&#8221;repeat&#8221;]<\/p>\n<ul>\n<li>Bitte, geben&nbsp;Sie eine korrekte E-Mail-Adresse und\/oder Telefonnummer an, unter der wir Sie erreichen k\u00f6nnen. Nur so k\u00f6nnen wir Ihre Reservierung best\u00e4tigen.<\/li>\n<li>Das Datum der gew\u00fcnschten Vorstellung<\/li>\n<li>Die&nbsp;Anzahl der&nbsp;gew\u00fcnschten Pl\u00e4tze je nach Kategorie (Erwachsene \/ Kinder \/ Theatermen\u00fc usw.)<\/li>\n<li>Der Sicherheitscode ist notwendig, um maschinengenerierte Fehlbestellungen zu vermeiden.<\/li>\n<\/ul>\n<p>Wir danken Ihnen f\u00fcr Ihr Interesse und freuen uns auf Ihren Besuch!<\/p>\n<p>[\/et_pb_tab][\/et_pb_tabs][\/et_pb_column][et_pb_column type=&#8221;1_3&#8243;][et_pb_blurb image=&#8221;http:\/\/www.kranewitterbuehne.at\/2015\/wp-content\/uploads\/2015\/03\/Dreigroschenoper_300300.png&#8221; _builder_version=&#8221;3.0.74&#8243; background_size=&#8221;initial&#8221; background_position=&#8221;top_left&#8221; background_repeat=&#8221;repeat&#8221;]<\/p>\n<p>[\/et_pb_blurb][et_pb_sidebar area=&#8221;sidebar-1&#8243; _builder_version=&#8221;3.0.74&#8243; header_font_size=&#8221;14px&#8221;]<\/p>\n<p>[\/et_pb_sidebar][\/et_pb_column][\/et_pb_row][\/et_pb_section][et_pb_section bb_built=&#8221;1&#8243; admin_label=&#8221;section&#8221; _builder_version=&#8221;3.0.47&#8243; prev_background_color=&#8221;#000000&#8243; next_background_color=&#8221;#000000&#8243;][et_pb_row _builder_version=&#8221;3.17.6&#8243; background_size=&#8221;initial&#8221; background_position=&#8221;top_left&#8221; background_repeat=&#8221;repeat&#8221; module_alignment=&#8221;center&#8221; make_fullwidth=&#8221;on&#8221;][et_pb_column type=&#8221;4_4&#8243;][et_pb_divider color=&#8221;#e02b20&#8243; divider_weight=&#8221;1px&#8221; disabled_on=&#8221;on|on|off&#8221; _builder_version=&#8221;3.2&#8243;]<\/p>\n<p>[\/et_pb_divider][\/et_pb_column][\/et_pb_row][et_pb_row _builder_version=&#8221;3.17.6&#8243; background_size=&#8221;initial&#8221; background_position=&#8221;top_left&#8221; background_repeat=&#8221;repeat&#8221; module_alignment=&#8221;center&#8221; make_fullwidth=&#8221;on&#8221;][et_pb_column type=&#8221;1_3&#8243;][et_pb_tabs _builder_version=&#8221;3.17.6&#8243;][et_pb_tab title=&#8221;BLOCK C&#8221; _builder_version=&#8221;3.17.6&#8243;][book_a_place_event id=&#8221;3&#8243;]<br \/>\n[\/et_pb_tab][\/et_pb_tabs][\/et_pb_column][et_pb_column type=&#8221;1_3&#8243;][et_pb_tabs _builder_version=&#8221;3.17.6&#8243;][et_pb_tab title=&#8221;BLOCK B&#8221; _builder_version=&#8221;3.17.6&#8243;][book_a_place_event id=&#8221;2&#8243;]<br \/>\n[\/et_pb_tab][\/et_pb_tabs][\/et_pb_column][et_pb_column type=&#8221;1_3&#8243;][et_pb_tabs _builder_version=&#8221;3.17.6&#8243;][et_pb_tab title=&#8221;BLOCK A&#8221; _builder_version=&#8221;3.17.6&#8243;][book_a_place_event id=&#8221;1&#8243;]<br \/>\n[\/et_pb_tab][\/et_pb_tabs][\/et_pb_column][\/et_pb_row][et_pb_row _builder_version=&#8221;3.17.6&#8243; background_size=&#8221;initial&#8221; background_position=&#8221;top_left&#8221; background_repeat=&#8221;repeat&#8221; module_alignment=&#8221;center&#8221; make_fullwidth=&#8221;on&#8221;][et_pb_column type=&#8221;4_4&#8243;][et_pb_tabs _builder_version=&#8221;3.17.6&#8243;][et_pb_tab title=&#8221;Reservierung der Pl\u00e4tze&#8221; _builder_version=&#8221;3.17.6&#8243;]<\/p>\n<p><img loading=\"lazy\" decoding=\"async\" class=\"alignnone size-full wp-image-47388 aligncenter\" src=\"http:\/\/www.kranewitterbuehne.at\/2015\/wp-content\/uploads\/2018\/11\/SITZAUFTEILUNG.jpg\" alt=\"\" width=\"1280\" height=\"1008\" srcset=\"http:\/\/www.kranewitterbuehne.at\/2015\/wp-content\/uploads\/2018\/11\/SITZAUFTEILUNG.jpg 1280w, http:\/\/www.kranewitterbuehne.at\/2015\/wp-content\/uploads\/2018\/11\/SITZAUFTEILUNG-300x236.jpg 300w, http:\/\/www.kranewitterbuehne.at\/2015\/wp-content\/uploads\/2018\/11\/SITZAUFTEILUNG-768x605.jpg 768w, http:\/\/www.kranewitterbuehne.at\/2015\/wp-content\/uploads\/2018\/11\/SITZAUFTEILUNG-960x756.jpg 960w, http:\/\/www.kranewitterbuehne.at\/2015\/wp-content\/uploads\/2018\/11\/SITZAUFTEILUNG-1080x851.jpg 1080w\" sizes=\"(max-width: 1280px) 100vw, 1280px\" \/><\/p>\n<p>[\/et_pb_tab][et_pb_tab title=&#8221;Anleitung&#8221; _builder_version=&#8221;3.17.6&#8243;]<\/p>\n<p>Unten sehen Sie ein Schema der Platzverteilung bei der Freilichtb\u00fchne Nassereith. Diese teilt sich in die drei Sektoren A, B und C.<\/p>\n<p>Bitte w\u00e4hlen Sie oben die entsprechenden Pl\u00e4tze, welche Sie reservieren m\u00f6chten.<\/p>\n<p>[\/et_pb_tab][\/et_pb_tabs][\/et_pb_column][\/et_pb_row][\/et_pb_section][et_pb_section bb_built=&#8221;1&#8243; fullwidth=&#8221;on&#8221; _builder_version=&#8221;3.0.47&#8243; prev_background_color=&#8221;#000000&#8243;][et_pb_fullwidth_image src=&#8221;http:\/\/www.kranewitterbuehne.at\/2015\/wp-content\/uploads\/2015\/03\/Mackie_Messer_Damen-1024.jpg&#8221; _builder_version=&#8221;3.17.6&#8243; animation_style=&#8221;slide&#8221; animation_direction=&#8221;left&#8221; animation_duration=&#8221;500ms&#8221; animation_intensity_slide=&#8221;10%&#8221;]<\/p>\n<p>[\/et_pb_fullwidth_image][\/et_pb_section]<\/p>\n","protected":false},"excerpt":{"rendered":"<p>Theater HotlineTel. +43 (0)676 487 34 17Mo bis Fr von 8:00 bis 13:00 Uhr,an Spieltagen ab 17:00 Uhr &nbsp; &nbsp; &nbsp; DERZEIT KEINE VORSTELLUNGEN Normaltarif Raiffeisen Clubmitglieder haben mehr davon! Kindertarif,\u00a0f\u00fcr die Theater begeisterte Jugend bis zum 15. Geburtstag. im Restaurant Seebua oder Hotel Post Theatereintritt inklusive Liebe Theater-Genie\u00dfer!Passend zum kulturellen Genuss servieren Ihnen unsere [&hellip;]<\/p>\n","protected":false},"author":2,"featured_media":0,"parent":11,"menu_order":5,"comment_status":"closed","ping_status":"closed","template":"","meta":{"_et_pb_use_builder":"on","_et_pb_old_content":"<img class=\" size-medium wp-image-153 alignright\" src=\"http:\/\/www.kranewitterbuehne.at\/2015\/wp-content\/uploads\/2015\/03\/telephone-300x174.png\" alt=\"telephone\" width=\"300\" height=\"174\" \/>Theater Hotline\r\nTel. +43 (0)676 487 34 17\r\nan Spieltagen ab 17.00 Uhr","_et_gb_content_width":"","footnotes":"","_links_to":"","_links_to_target":""},"_links":{"self":[{"href":"http:\/\/www.kranewitterbuehne.at\/2015\/wp-json\/wp\/v2\/pages\/23"}],"collection":[{"href":"http:\/\/www.kranewitterbuehne.at\/2015\/wp-json\/wp\/v2\/pages"}],"about":[{"href":"http:\/\/www.kranewitterbuehne.at\/2015\/wp-json\/wp\/v2\/types\/page"}],"author":[{"embeddable":true,"href":"http:\/\/www.kranewitterbuehne.at\/2015\/wp-json\/wp\/v2\/users\/2"}],"replies":[{"embeddable":true,"href":"http:\/\/www.kranewitterbuehne.at\/2015\/wp-json\/wp\/v2\/comments?post=23"}],"version-history":[{"count":220,"href":"http:\/\/www.kranewitterbuehne.at\/2015\/wp-json\/wp\/v2\/pages\/23\/revisions"}],"predecessor-version":[{"id":47410,"href":"http:\/\/www.kranewitterbuehne.at\/2015\/wp-json\/wp\/v2\/pages\/23\/revisions\/47410"}],"up":[{"embeddable":true,"href":"http:\/\/www.kranewitterbuehne.at\/2015\/wp-json\/wp\/v2\/pages\/11"}],"wp:attachment":[{"href":"http:\/\/www.kranewitterbuehne.at\/2015\/wp-json\/wp\/v2\/media?parent=23"}],"curies":[{"name":"wp","href":"https:\/\/api.w.org\/{rel}","templated":true}]}}