{"id":224,"date":"2015-03-31T01:41:06","date_gmt":"2015-03-30T23:41:06","guid":{"rendered":"http:\/\/www.kranewitterbuehne.at\/2015\/?page_id=224"},"modified":"2016-02-25T22:48:58","modified_gmt":"2016-02-25T21:48:58","slug":"stueck-und-inszenierung","status":"publish","type":"page","link":"http:\/\/www.kranewitterbuehne.at\/2015\/chronik\/jedermann-2015\/stueck-und-inszenierung\/","title":{"rendered":"St\u00fcck und Inszenierung"},"content":{"rendered":"<p>[et_pb_section fullwidth=&#8221;off&#8221; specialty=&#8221;off&#8221; background_image=&#8221;http:\/\/www.kranewitterbuehne.at\/2015\/wp-content\/uploads\/2015\/03\/20100621221646-freiv1.gif&#8221; transparent_background=&#8221;on&#8221; background_color=&#8221;#ffffff&#8221; allow_player_pause=&#8221;off&#8221; inner_shadow=&#8221;off&#8221; parallax=&#8221;off&#8221; parallax_method=&#8221;off&#8221;][et_pb_row][et_pb_column type=&#8221;1_4&#8243;][et_pb_text admin_label=&#8221;Text&#8221; background_layout=&#8221;light&#8221; text_orientation=&#8221;left&#8221;]<\/p>\n<h4>Das Spiel\u00a0vom Sterben des reichen Mannes.<\/h4>\n<p><img loading=\"lazy\" decoding=\"async\" class=\"alignnone size-medium wp-image-148\" src=\"http:\/\/www.kranewitterbuehne.at\/2015\/wp-content\/uploads\/2015\/03\/book-300x224.png\" alt=\"book\" width=\"300\" height=\"224\" srcset=\"http:\/\/www.kranewitterbuehne.at\/2015\/wp-content\/uploads\/2015\/03\/book-300x224.png 300w, http:\/\/www.kranewitterbuehne.at\/2015\/wp-content\/uploads\/2015\/03\/book.png 400w\" sizes=\"(max-width: 300px) 100vw, 300px\" \/> <em>Von Hugo von Hofmannsthal<\/em><\/p>\n<div style=\"max-width: 300px;\"><\/div>\n<div style=\"max-width: 300px;\">\n<hr \/>\n<\/div>\n<div style=\"max-width: 300px;\">Die Urauff\u00fchrung fand unter der Regie von Max Reinhardt am 1. Dezember 1911 in Berlin statt.<\/div>\n<p>[\/et_pb_text][et_pb_image admin_label=&#8221;Bild&#8221; src=&#8221;http:\/\/www.kranewitterbuehne.at\/2015\/wp-content\/uploads\/2015\/03\/20100621221115-vertikal.png&#8221; show_in_lightbox=&#8221;off&#8221; url_new_window=&#8221;off&#8221; animation=&#8221;left&#8221; sticky=&#8221;off&#8221; \/][\/et_pb_column][et_pb_column type=&#8221;1_2&#8243;][et_pb_text admin_label=&#8221;Text&#8221; background_layout=&#8221;light&#8221; text_orientation=&#8221;left&#8221;]<\/p>\n<h3>JEDERMANN, eine kurze Inhalts\u00fcbersicht<\/h3>\n<div style=\"max-width: 400px;\">\n<p class=\"p1\"><span class=\"s1\">Jedermanns Tag beginnt herrlich.<\/span><\/p>\n<p class=\"p1\"><span class=\"s1\"><div class='et-box et-shadow'>\n\t\t\t\t\t<div class='et-box-content'>&#8220;Oh, wie ist das Leben sch\u00f6n!&#8221;<\/div><\/div><\/span><\/p>\n<p class=\"p1\">So will er ein Fest ausrichten. Er beschliesst, vor das Stadttor zu gehen und sich ein St\u00fcck Land zu kaufen. Ein Grundst\u00fcck f\u00fcr einen Lustgarten, den er seiner Liebsten schenken will.<\/p>\n<p class=\"p1\"><span class=\"s1\">Doch wie so oft im Leben kommt es anders, als man denkt.<\/span><\/p>\n<p class=\"p1\"><span class=\"s1\">Jedermann wird von einem Gesch\u00e4ftsmann aufgesucht. Der braucht Geld, doch Jedermann verschickt ihn.<\/span><\/p>\n<p class=\"p1\"><span class=\"s1\">Jedermann wird von seinem eigenen Gesinde bestohlen. Er l\u00e4sst sie alle einsperren und kennt kein Erbarmen.<\/span><\/p>\n<p class=\"p1\"><span class=\"s1\">Jedermann trifft auf seinen Wegen seine Mutter. Sie will ihn bekehren und auf den richtigen Weg zur\u00fcck bringen.<\/span><\/p>\n<p class=\"p1\"><span class=\"s1\"><div class='et-box et-shadow'>\n\t\t\t\t\t<div class='et-box-content'>\u201eEs gibt Tage, die sind wie verhext.\u201c<\/div><\/div><\/span><\/p>\n<p class=\"p1\"><span class=\"s1\">Jedermann wird von seinem Patenkind besucht. Er hatte vorgesehen, dass es seine Gesch\u00e4fte \u00fcbernehmen soll. Dieses aber will stattdessen in ein Kloster eintreten.<\/span><\/p>\n<p class=\"p1\"><span class=\"s1\"><div class='et-box et-shadow'>\n\t\t\t\t\t<div class='et-box-content'>\u201eJedermann versteht die Welt nicht mehr.\u201c<\/div><\/div><\/span><\/p>\n<p class=\"p1\"><span class=\"s1\">Jedermanns Buhlschaft kommt. Die G\u00e4ste treffen ein. Das Fest beginnt.<\/span><\/p>\n<p class=\"p1\"><span class=\"s1\">Auf dem Fest f\u00fchlt sich Jedermann schwach, krank und seltsam. Keiner h\u00f6rt das Glockenl\u00e4uten, das er h\u00f6rt. Als er sagt, er h\u00f6re jemanden seinen Namen rufen denken sie, er habe Fieber.<\/span><\/p>\n<p class=\"p1\"><span class=\"s1\">Jedermann aber hat es mit der Wirklichkeit zu tun, die\u00a0<\/span>grausam erscheint. Er blickt sich um und ein Unbekannter steht hinter ihm. Er w\u00e4re der Tod, sagt dieser und fordert Jedermann auf, sich f\u00fcr den letzten Gang bereit zu machen.\u00a0Jedermann wird sein schlechter Charakter bewusst und fleht um eine kurze Frist.\u00a0Er wolle sich einen Freund suchen, der mit ihm vor Gottes Gericht tritt. Der Tod gew\u00e4hrt im schliesslich eine solche von einer Stunde.<\/p>\n<p class=\"p1\"><span class=\"s1\">Er fragt den Gesellen, einen guten Freund, ob er ihm diesen Gefallen tue. Er m\u00fcsse auf eine weite Reise. Der Geselle ist bereit. Als er aber h\u00f6rt, worum es geht, weigert er sich. Auch bei den Vettern und deren Knechten erf\u00e4hrt er die gleiche Ablehnung.<\/span><\/p>\n<p class=\"p1\"><span class=\"s1\">Da er sich von allen verlassen f\u00fchlt, will er wenigstens sein Geld mit in die Ewigkeit nehmen.<\/span><\/p>\n<p class=\"p1\"><span class=\"s1\">Aber aus seiner Geldtruhe kommt Mammon. Auch der ist nicht bereit, mitzukommen.<\/span><\/p>\n<p class=\"p1\"><span class=\"s1\">V\u00f6llig einsam und der Verzweiflung nahe h\u00f6rt Jedermann eine Stimme, die seinen Namen ruft. Als er sich umdreht sieht er eine gebrechliche Frau die sagt, sie w\u00e4re seine \u201agute Taten\u2018\u00a0<\/span>und wolle ihn ins Jenseits begleiten<\/p>\n<p class=\"p1\"><span class=\"s1\">Sie selbst aber ist zu schwach, weil er sie immer vernachl\u00e4ssigt hat, ist aber bereit, ihre Schwestern, den Glauben, darum zu bitten.<\/span><\/p>\n<p class=\"p1\"><span class=\"s1\">Der Glaube r\u00e4t Jedermann, Gott um Gnade zu bitten. Jedermann klammert sich an die letzte Hoffnung auf Rettung und versucht nach Jahren der Ungl\u00e4ubigkeit, wieder zu Gott zu finden.<\/span><\/p>\n<p class=\"p1\"><span class=\"s1\">Der Teufel erscheint. Er ist sich ganz sicher, die schuldige Seele Jedermanns mit in die H\u00f6lle zu nehmen. Mit Verdruss muss er sehen, dass sie ihm durch die Gnade Gottes entrissen wird.<\/span><\/p>\n<p class=\"p1\"><span class=\"s1\">Jedermann kehrt v\u00f6llig gereinigt zur\u00fcck und kann guten Gewissens in Begleitung des Glaubens und der guten Werke vor den Richterstuhl treten.<\/span><\/p>\n<\/div>\n<p>[\/et_pb_text][\/et_pb_column][et_pb_column type=&#8221;1_4&#8243;][et_pb_text admin_label=&#8221;Text&#8221; background_layout=&#8221;light&#8221; text_orientation=&#8221;left&#8221;]<\/p>\n<table style=\"background-color: #ffffff;\" cellspacing=\"5\" cellpadding=\"5\">\n<tbody>\n<tr>\n<td style=\"text-align: right;\">&#8230;mehr Informationen<\/td>\n<td><a href=\"http:\/\/de.wikipedia.org\/wiki\/Jedermann\" target=\"_blank\">WIKIPEDIA<\/a><\/td>\n<\/tr>\n<tr>\n<td style=\"text-align: right;\">\u00a0oder bei den<\/td>\n<td><a href=\"http:\/\/www.salzburgerfestspiele.at\/schauspiel\/jedermann\" target=\"_blank\">Salzburger Festspielen<\/a><\/td>\n<\/tr>\n<\/tbody>\n<\/table>\n<p>[\/et_pb_text][et_pb_image admin_label=&#8221;Bild&#8221; show_in_lightbox=&#8221;off&#8221; url_new_window=&#8221;off&#8221; animation=&#8221;left&#8221; sticky=&#8221;off&#8221; src=&#8221;http:\/\/www.kranewitterbuehne.at\/2015\/wp-content\/uploads\/2015\/03\/Ensembel2-vertikal2.png&#8221; \/][\/et_pb_column][\/et_pb_row][\/et_pb_section]<\/p>\n","protected":false},"excerpt":{"rendered":"<p><div class=\"et_pb_row et_pb_row_0 et_pb_row_empty\">\n\t\t\t\t\n\t\t\t\t\n\t\t\t\t\n\t\t\t\t\n\t\t\t\t\n\t\t\t<\/div> Das Spiel\u00a0vom Sterben des reichen Mannes. Von Hugo von Hofmannsthal Die Urauff\u00fchrung fand unter der Regie von Max Reinhardt am 1. Dezember 1911 in Berlin statt. JEDERMANN, eine kurze Inhalts\u00fcbersicht Jedermanns Tag beginnt herrlich. <div class='et-box et-shadow'>\n\t\t\t\t\t<div class='et-box-content'>&#8220;Oh, wie ist das Leben sch\u00f6n!&#8221;<\/div><\/div> So will er ein Fest ausrichten. Er beschliesst, vor das Stadttor zu gehen und [&hellip;]<\/p>\n","protected":false},"author":2,"featured_media":0,"parent":1906,"menu_order":0,"comment_status":"closed","ping_status":"closed","template":"","meta":{"_et_pb_use_builder":"on","_et_pb_old_content":"<img class=\"alignnone size-medium wp-image-148\" src=\"http:\/\/www.kranewitterbuehne.at\/2015\/wp-content\/uploads\/2015\/03\/book-300x224.png\" alt=\"book\" width=\"300\" height=\"224\" \/><\/br>...mehr Informationen derzeit <a href=\"http:\/\/de.wikipedia.org\/wiki\/Jedermann\" target=\"_blank\">WIKIPEDIA<\/a>\u00a0oder bei den <a href=\"http:\/\/www.salzburgerfestspiele.at\/schauspiel\/jedermann\" target=\"_blank\">Salzburger Festspielen<\/a>","_et_gb_content_width":"","footnotes":"","_links_to":"","_links_to_target":""},"_links":{"self":[{"href":"http:\/\/www.kranewitterbuehne.at\/2015\/wp-json\/wp\/v2\/pages\/224"}],"collection":[{"href":"http:\/\/www.kranewitterbuehne.at\/2015\/wp-json\/wp\/v2\/pages"}],"about":[{"href":"http:\/\/www.kranewitterbuehne.at\/2015\/wp-json\/wp\/v2\/types\/page"}],"author":[{"embeddable":true,"href":"http:\/\/www.kranewitterbuehne.at\/2015\/wp-json\/wp\/v2\/users\/2"}],"replies":[{"embeddable":true,"href":"http:\/\/www.kranewitterbuehne.at\/2015\/wp-json\/wp\/v2\/comments?post=224"}],"version-history":[{"count":30,"href":"http:\/\/www.kranewitterbuehne.at\/2015\/wp-json\/wp\/v2\/pages\/224\/revisions"}],"predecessor-version":[{"id":779,"href":"http:\/\/www.kranewitterbuehne.at\/2015\/wp-json\/wp\/v2\/pages\/224\/revisions\/779"}],"up":[{"embeddable":true,"href":"http:\/\/www.kranewitterbuehne.at\/2015\/wp-json\/wp\/v2\/pages\/1906"}],"wp:attachment":[{"href":"http:\/\/www.kranewitterbuehne.at\/2015\/wp-json\/wp\/v2\/media?parent=224"}],"curies":[{"name":"wp","href":"https:\/\/api.w.org\/{rel}","templated":true}]}}