{"id":20,"date":"2015-03-28T18:37:32","date_gmt":"2015-03-28T17:37:32","guid":{"rendered":"http:\/\/www.kranewitterbuehne.at\/2015\/?page_id=20"},"modified":"2016-08-01T07:19:02","modified_gmt":"2016-08-01T05:19:02","slug":"anreise","status":"publish","type":"page","link":"http:\/\/www.kranewitterbuehne.at\/2015\/termine\/anreise\/","title":{"rendered":"Anreise"},"content":{"rendered":"<p>[et_pb_section admin_label=&#8221;section&#8221; fullwidth=&#8221;on&#8221; specialty=&#8221;off&#8221; transparent_background=&#8221;on&#8221; background_color=&#8221;#ffffff&#8221; allow_player_pause=&#8221;off&#8221; inner_shadow=&#8221;off&#8221; parallax=&#8221;off&#8221; parallax_method=&#8221;off&#8221; background_video_height=&#8221;200&#8243;][et_pb_fullwidth_header admin_label=&#8221;Vollbreite Kopfzeile&#8221; background_layout=&#8221;dark&#8221; text_orientation=&#8221;right&#8221; title=&#8221;ANREISE&#8221; header_fullscreen=&#8221;off&#8221; header_scroll_down=&#8221;off&#8221; parallax=&#8221;off&#8221; parallax_method=&#8221;off&#8221; content_orientation=&#8221;center&#8221; image_orientation=&#8221;center&#8221; custom_button_one=&#8221;off&#8221; button_one_letter_spacing=&#8221;0&#8243; button_one_use_icon=&#8221;default&#8221; button_one_icon_placement=&#8221;right&#8221; button_one_on_hover=&#8221;on&#8221; button_one_letter_spacing_hover=&#8221;0&#8243; custom_button_two=&#8221;off&#8221; button_two_letter_spacing=&#8221;0&#8243; button_two_use_icon=&#8221;default&#8221; button_two_icon_placement=&#8221;right&#8221; button_two_on_hover=&#8221;on&#8221; button_two_letter_spacing_hover=&#8221;0&#8243;]<\/p>\n<p>[\/et_pb_fullwidth_header][\/et_pb_section][et_pb_section admin_label=&#8221;section&#8221;][et_pb_row admin_label=&#8221;row&#8221;][et_pb_column type=&#8221;4_4&#8243;][et_pb_tabs admin_label=&#8221;Registerkarte&#8221; use_border_color=&#8221;off&#8221; border_color=&#8221;#ffffff&#8221; border_style=&#8221;solid&#8221;]<\/p>\n<p>[et_pb_tab title=&#8221;Karte \/ Routenplaner&#8221;]<\/p>\n<p><iframe loading=\"lazy\" src=\"https:\/\/www.google.com\/maps\/d\/embed?mid=zIKtvy8pTe0A.k6m1cgi3nUK8\" width=\"980\" height=\"680\"><\/iframe><\/p>\n<p>[\/et_pb_tab][et_pb_tab title=&#8221;Wegbeschreibung&#8221; tab_font_select=&#8221;default&#8221; tab_font=&#8221;||||&#8221; tab_line_height=&#8221;2em&#8221; tab_line_height_tablet=&#8221;2em&#8221; tab_line_height_phone=&#8221;2em&#8221; body_font_select=&#8221;default&#8221; body_font=&#8221;||||&#8221; body_line_height=&#8221;2em&#8221; body_line_height_tablet=&#8221;2em&#8221; body_line_height_phone=&#8221;2em&#8221;]<\/p>\n<div style=\"float: right;\"><img loading=\"lazy\" decoding=\"async\" class=\"size-medium wp-image-150 alignright\" src=\"http:\/\/www.kranewitterbuehne.at\/2015\/wp-content\/uploads\/2015\/03\/decorative_plate-300x225.png\" alt=\"decorative_plate\" width=\"300\" height=\"225\" srcset=\"http:\/\/www.kranewitterbuehne.at\/2015\/wp-content\/uploads\/2015\/03\/decorative_plate-300x225.png 300w, http:\/\/www.kranewitterbuehne.at\/2015\/wp-content\/uploads\/2015\/03\/decorative_plate.png 400w\" sizes=\"(max-width: 300px) 100vw, 300px\" \/><\/div>\n<div style=\"min-height: 500px;\">\n<p>Von Imst, Innsbruck, Garmisch kommend Richtung Fernpass bis Nassereith.<\/p>\n<p>Vom Fernpass kommend nach der Rastst\u00e4tte Rastland rechts Richtung Dorfmitte. Nach dem Lebensmittelmarkt (ADEG) rechts abbiegen nach Brunnwald.<\/p>\n<p>Von Imst oder Innsbruck kommend die Abfahrten nach Nassereith nutzen und der Strasse Richtung Fernpass folgen. Beim Lebensmittelmarkt links abbiegen Richtung Brunnwald.<\/p>\n<p>Nach der Abzweigung Brunnwald der schmalen Strasse folgen (etwa 1 km) bis nach der zweiten Br\u00fccke links die Zufahrten zu den Parkpl\u00e4tzen abzweigen. Von dort f\u00fchrt ein nicht asphaltierter Forstweg bis zur Freilichtb\u00fchne (etwa 50 Meter).<\/p>\n<\/div>\n<p>[\/et_pb_tab][et_pb_tab title=&#8221;Kleidung&#8221; tab_font_select=&#8221;default&#8221; tab_font=&#8221;||||&#8221; tab_line_height=&#8221;2em&#8221; tab_line_height_tablet=&#8221;2em&#8221; tab_line_height_phone=&#8221;2em&#8221; body_font_select=&#8221;default&#8221; body_font=&#8221;||||&#8221; body_line_height=&#8221;2em&#8221; body_line_height_tablet=&#8221;2em&#8221; body_line_height_phone=&#8221;2em&#8221;]<\/p>\n<div>Wir spielen auf den Brettern einer Freilichtb\u00fchne. Bitte, bringen&nbsp;Sie sch\u00fctzende, wetterfeste und w\u00e4rmende Kleidung mit, falls der Wetterbericht den sommerlich lauen Theaterabenden wenig Chance gibt! Mehr Informationen dazu finden Sie hier: <a href=\"http:\/\/www.kranewitterbuehne.at\/2015\/?page_id=336\">FAQ<\/a><\/div>\n<p><img loading=\"lazy\" decoding=\"async\" class=\"alignnone size-large wp-image-24838\" src=\"http:\/\/www.kranewitterbuehne.at\/2015\/wp-content\/uploads\/2015\/03\/WetterSchoen1-960x577.jpg\" alt=\"WetterSchoen1\" width=\"960\" height=\"577\" srcset=\"http:\/\/www.kranewitterbuehne.at\/2015\/wp-content\/uploads\/2015\/03\/WetterSchoen1-960x577.jpg 960w, http:\/\/www.kranewitterbuehne.at\/2015\/wp-content\/uploads\/2015\/03\/WetterSchoen1-300x180.jpg 300w, http:\/\/www.kranewitterbuehne.at\/2015\/wp-content\/uploads\/2015\/03\/WetterSchoen1-768x462.jpg 768w, http:\/\/www.kranewitterbuehne.at\/2015\/wp-content\/uploads\/2015\/03\/WetterSchoen1-1080x649.jpg 1080w, http:\/\/www.kranewitterbuehne.at\/2015\/wp-content\/uploads\/2015\/03\/WetterSchoen1.jpg 1600w\" sizes=\"(max-width: 960px) 100vw, 960px\" \/><br \/>\n<img loading=\"lazy\" decoding=\"async\" class=\"alignnone size-large wp-image-24839\" src=\"http:\/\/www.kranewitterbuehne.at\/2015\/wp-content\/uploads\/2015\/03\/WetterSchoen2-902x960.jpg\" alt=\"WetterSchoen2\" width=\"902\" height=\"960\" srcset=\"http:\/\/www.kranewitterbuehne.at\/2015\/wp-content\/uploads\/2015\/03\/WetterSchoen2.jpg 902w, http:\/\/www.kranewitterbuehne.at\/2015\/wp-content\/uploads\/2015\/03\/WetterSchoen2-282x300.jpg 282w, http:\/\/www.kranewitterbuehne.at\/2015\/wp-content\/uploads\/2015\/03\/WetterSchoen2-768x817.jpg 768w\" sizes=\"(max-width: 902px) 100vw, 902px\" \/><\/p>\n<p>[\/et_pb_tab]<\/p>\n<p>[\/et_pb_tabs][et_pb_divider admin_label=&#8221;Teiler&#8221; color=&#8221;#ffffff&#8221; show_divider=&#8221;off&#8221; divider_style=&#8221;solid&#8221; divider_position=&#8221;top&#8221; hide_on_mobile=&#8221;on&#8221;]<\/p>\n<p>[\/et_pb_divider][\/et_pb_column][\/et_pb_row][\/et_pb_section][et_pb_section admin_label=&#8221;Sektion&#8221; fullwidth=&#8221;on&#8221; specialty=&#8221;off&#8221;][et_pb_fullwidth_image admin_label=&#8221;Volle Breite des Bildes&#8221; src=&#8221;http:\/\/www.kranewitterbuehne.at\/2015\/wp-content\/uploads\/2015\/03\/20160701_161908-Pano-1.jpg&#8221; show_in_lightbox=&#8221;off&#8221; url_new_window=&#8221;off&#8221; use_overlay=&#8221;off&#8221; animation=&#8221;off&#8221; use_border_color=&#8221;off&#8221; border_color=&#8221;#ffffff&#8221; border_style=&#8221;solid&#8221;]<\/p>\n<p>[\/et_pb_fullwidth_image][\/et_pb_section]<\/p>\n","protected":false},"excerpt":{"rendered":"<p>Von Imst, Innsbruck, Garmisch kommend Richtung Fernpass bis Nassereith. Vom Fernpass kommend nach der Rastst\u00e4tte Rastland rechts Richtung Dorfmitte. Nach dem Lebensmittelmarkt (ADEG) rechts abbiegen nach Brunnwald. Von Imst oder Innsbruck kommend die Abfahrten nach Nassereith nutzen und der Strasse Richtung Fernpass folgen. Beim Lebensmittelmarkt links abbiegen Richtung Brunnwald. Nach der Abzweigung Brunnwald der schmalen [&hellip;]<\/p>\n","protected":false},"author":2,"featured_media":0,"parent":11,"menu_order":777,"comment_status":"closed","ping_status":"closed","template":"","meta":{"_et_pb_use_builder":"on","_et_pb_old_content":"<p><iframe src=\"https:\/\/www.google.com\/maps\/d\/embed?mid=zIKtvy8pTe0A.k6m1cgi3nUK8\" width=\"640\" height=\"480\"><\/iframe><\/p><p>\u00a0<\/p>","_et_gb_content_width":"","footnotes":"","_links_to":"","_links_to_target":""},"_links":{"self":[{"href":"http:\/\/www.kranewitterbuehne.at\/2015\/wp-json\/wp\/v2\/pages\/20"}],"collection":[{"href":"http:\/\/www.kranewitterbuehne.at\/2015\/wp-json\/wp\/v2\/pages"}],"about":[{"href":"http:\/\/www.kranewitterbuehne.at\/2015\/wp-json\/wp\/v2\/types\/page"}],"author":[{"embeddable":true,"href":"http:\/\/www.kranewitterbuehne.at\/2015\/wp-json\/wp\/v2\/users\/2"}],"replies":[{"embeddable":true,"href":"http:\/\/www.kranewitterbuehne.at\/2015\/wp-json\/wp\/v2\/comments?post=20"}],"version-history":[{"count":35,"href":"http:\/\/www.kranewitterbuehne.at\/2015\/wp-json\/wp\/v2\/pages\/20\/revisions"}],"predecessor-version":[{"id":24841,"href":"http:\/\/www.kranewitterbuehne.at\/2015\/wp-json\/wp\/v2\/pages\/20\/revisions\/24841"}],"up":[{"embeddable":true,"href":"http:\/\/www.kranewitterbuehne.at\/2015\/wp-json\/wp\/v2\/pages\/11"}],"wp:attachment":[{"href":"http:\/\/www.kranewitterbuehne.at\/2015\/wp-json\/wp\/v2\/media?parent=20"}],"curies":[{"name":"wp","href":"https:\/\/api.w.org\/{rel}","templated":true}]}}